{"id":11414,"date":"2023-06-05T12:38:56","date_gmt":"2023-06-05T12:38:56","guid":{"rendered":"https:\/\/habonim.com\/?page_id=11414"},"modified":"2024-09-16T12:46:49","modified_gmt":"2024-09-16T12:46:49","slug":"accessories-new","status":"publish","type":"page","link":"https:\/\/habonimcn.cn\/es\/valvulas\/accessories-new\/","title":{"rendered":"ACCESORIOS"},"content":{"rendered":"","protected":false},"excerpt":{"rendered":"","protected":false},"author":1,"featured_media":0,"parent":9155,"menu_order":0,"comment_status":"closed","ping_status":"closed","template":"pages\/categorypage.php","meta":{"_acf_changed":false,"footnotes":""},"class_list":["post-11414","page","type-page","status-publish","hentry"],"acf":[],"yoast_head":"<!-- This site is optimized with the Yoast SEO plugin v23.4 - https:\/\/yoast.com\/wordpress\/plugins\/seo\/ -->\n<title>Accesorios de v\u00e1lvulas - Habonim<\/title>\n<meta name=\"description\" content=\"Habonim ofrece una gama de accesorios para las v\u00e1lvulas que permiten a\u00f1adir sellado adicional, seguridad o capacidades operativas extra cuando sea aplicable.\" \/>\n<meta name=\"robots\" content=\"index, follow, max-snippet:-1, max-image-preview:large, max-video-preview:-1\" \/>\n<link rel=\"canonical\" href=\"https:\/\/habonimcn.cn\/es\/valvulas\/accessories-new\/\" \/>\n<meta property=\"og:locale\" content=\"es_ES\" \/>\n<meta property=\"og:type\" content=\"article\" \/>\n<meta property=\"og:title\" content=\"Accesorios de v\u00e1lvulas - Habonim\" \/>\n<meta property=\"og:description\" content=\"Habonim ofrece una gama de accesorios para las v\u00e1lvulas que permiten a\u00f1adir sellado adicional, seguridad o capacidades operativas extra cuando sea aplicable.\" \/>\n<meta property=\"og:url\" content=\"https:\/\/habonimcn.cn\/es\/valvulas\/accessories-new\/\" \/>\n<meta property=\"og:site_name\" content=\"Habonim Valve Solutions\" \/>\n<meta property=\"article:modified_time\" content=\"2024-09-16T12:46:49+00:00\" \/>\n<meta name=\"twitter:card\" content=\"summary_large_image\" \/>\n<script type=\"application\/ld+json\" class=\"yoast-schema-graph\">{\"@context\":\"https:\/\/schema.org\",\"@graph\":[{\"@type\":\"WebPage\",\"@id\":\"https:\/\/habonimcn.cn\/es\/valvulas\/accessories-new\/\",\"url\":\"https:\/\/habonimcn.cn\/es\/valvulas\/accessories-new\/\",\"name\":\"Accesorios de v\u00e1lvulas - Habonim\",\"isPartOf\":{\"@id\":\"https:\/\/habonimcn.cn\/es\/#website\"},\"datePublished\":\"2023-06-05T12:38:56+00:00\",\"dateModified\":\"2024-09-16T12:46:49+00:00\",\"description\":\"Habonim ofrece una gama de accesorios para las v\u00e1lvulas que permiten a\u00f1adir sellado adicional, seguridad o capacidades operativas extra cuando sea aplicable.\",\"breadcrumb\":{\"@id\":\"https:\/\/habonimcn.cn\/es\/valvulas\/accessories-new\/#breadcrumb\"},\"inLanguage\":\"es\",\"potentialAction\":[{\"@type\":\"ReadAction\",\"target\":[\"https:\/\/habonimcn.cn\/es\/valvulas\/accessories-new\/\"]}]},{\"@type\":\"BreadcrumbList\",\"@id\":\"https:\/\/habonimcn.cn\/es\/valvulas\/accessories-new\/#breadcrumb\",\"itemListElement\":[{\"@type\":\"ListItem\",\"position\":1,\"name\":\"Home\",\"item\":\"https:\/\/habonimcn.cn\/es\/\"},{\"@type\":\"ListItem\",\"position\":2,\"name\":\"V\u00e1lvulas\",\"item\":\"https:\/\/habonimcn.cn\/es\/valves\/\"},{\"@type\":\"ListItem\",\"position\":3,\"name\":\"ACCESORIOS\"}]},{\"@type\":\"WebSite\",\"@id\":\"https:\/\/habonimcn.cn\/es\/#website\",\"url\":\"https:\/\/habonimcn.cn\/es\/\",\"name\":\"Habonim Valve Solutions\",\"description\":\"Habonim Valve Solutions\",\"publisher\":{\"@id\":\"https:\/\/habonimcn.cn\/es\/#organization\"},\"potentialAction\":[{\"@type\":\"SearchAction\",\"target\":{\"@type\":\"EntryPoint\",\"urlTemplate\":\"https:\/\/habonimcn.cn\/es\/?s={search_term_string}\"},\"query-input\":{\"@type\":\"PropertyValueSpecification\",\"valueRequired\":true,\"valueName\":\"search_term_string\"}}],\"inLanguage\":\"es\"},{\"@type\":\"Organization\",\"@id\":\"https:\/\/habonimcn.cn\/es\/#organization\",\"name\":\"Habonim\",\"url\":\"https:\/\/habonimcn.cn\/es\/\",\"logo\":{\"@type\":\"ImageObject\",\"inLanguage\":\"es\",\"@id\":\"https:\/\/habonimcn.cn\/es\/#\/schema\/logo\/image\/\",\"url\":\"\",\"contentUrl\":\"\",\"caption\":\"Habonim\"},\"image\":{\"@id\":\"https:\/\/habonimcn.cn\/es\/#\/schema\/logo\/image\/\"}}]}<\/script>\n<!-- \/ Yoast SEO plugin. -->","yoast_head_json":{"title":"Accesorios de v\u00e1lvulas - Habonim","description":"Habonim ofrece una gama de accesorios para las v\u00e1lvulas que permiten a\u00f1adir sellado adicional, seguridad o capacidades operativas extra cuando sea aplicable.","robots":{"index":"index","follow":"follow","max-snippet":"max-snippet:-1","max-image-preview":"max-image-preview:large","max-video-preview":"max-video-preview:-1"},"canonical":"https:\/\/habonimcn.cn\/es\/valvulas\/accessories-new\/","og_locale":"es_ES","og_type":"article","og_title":"Accesorios de v\u00e1lvulas - Habonim","og_description":"Habonim ofrece una gama de accesorios para las v\u00e1lvulas que permiten a\u00f1adir sellado adicional, seguridad o capacidades operativas extra cuando sea aplicable.","og_url":"https:\/\/habonimcn.cn\/es\/valvulas\/accessories-new\/","og_site_name":"Habonim Valve Solutions","article_modified_time":"2024-09-16T12:46:49+00:00","twitter_card":"summary_large_image","schema":{"@context":"https:\/\/schema.org","@graph":[{"@type":"WebPage","@id":"https:\/\/habonimcn.cn\/es\/valvulas\/accessories-new\/","url":"https:\/\/habonimcn.cn\/es\/valvulas\/accessories-new\/","name":"Accesorios de v\u00e1lvulas - Habonim","isPartOf":{"@id":"https:\/\/habonimcn.cn\/es\/#website"},"datePublished":"2023-06-05T12:38:56+00:00","dateModified":"2024-09-16T12:46:49+00:00","description":"Habonim ofrece una gama de accesorios para las v\u00e1lvulas que permiten a\u00f1adir sellado adicional, seguridad o capacidades operativas extra cuando sea aplicable.","breadcrumb":{"@id":"https:\/\/habonimcn.cn\/es\/valvulas\/accessories-new\/#breadcrumb"},"inLanguage":"es","potentialAction":[{"@type":"ReadAction","target":["https:\/\/habonimcn.cn\/es\/valvulas\/accessories-new\/"]}]},{"@type":"BreadcrumbList","@id":"https:\/\/habonimcn.cn\/es\/valvulas\/accessories-new\/#breadcrumb","itemListElement":[{"@type":"ListItem","position":1,"name":"Home","item":"https:\/\/habonimcn.cn\/es\/"},{"@type":"ListItem","position":2,"name":"V\u00e1lvulas","item":"https:\/\/habonimcn.cn\/es\/valves\/"},{"@type":"ListItem","position":3,"name":"ACCESORIOS"}]},{"@type":"WebSite","@id":"https:\/\/habonimcn.cn\/es\/#website","url":"https:\/\/habonimcn.cn\/es\/","name":"Habonim Valve Solutions","description":"Habonim Valve Solutions","publisher":{"@id":"https:\/\/habonimcn.cn\/es\/#organization"},"potentialAction":[{"@type":"SearchAction","target":{"@type":"EntryPoint","urlTemplate":"https:\/\/habonimcn.cn\/es\/?s={search_term_string}"},"query-input":{"@type":"PropertyValueSpecification","valueRequired":true,"valueName":"search_term_string"}}],"inLanguage":"es"},{"@type":"Organization","@id":"https:\/\/habonimcn.cn\/es\/#organization","name":"Habonim","url":"https:\/\/habonimcn.cn\/es\/","logo":{"@type":"ImageObject","inLanguage":"es","@id":"https:\/\/habonimcn.cn\/es\/#\/schema\/logo\/image\/","url":"","contentUrl":"","caption":"Habonim"},"image":{"@id":"https:\/\/habonimcn.cn\/es\/#\/schema\/logo\/image\/"}}]}},"_links":{"self":[{"href":"https:\/\/habonimcn.cn\/es\/wp-json\/wp\/v2\/pages\/11414"}],"collection":[{"href":"https:\/\/habonimcn.cn\/es\/wp-json\/wp\/v2\/pages"}],"about":[{"href":"https:\/\/habonimcn.cn\/es\/wp-json\/wp\/v2\/types\/page"}],"author":[{"embeddable":true,"href":"https:\/\/habonimcn.cn\/es\/wp-json\/wp\/v2\/users\/1"}],"replies":[{"embeddable":true,"href":"https:\/\/habonimcn.cn\/es\/wp-json\/wp\/v2\/comments?post=11414"}],"version-history":[{"count":12,"href":"https:\/\/habonimcn.cn\/es\/wp-json\/wp\/v2\/pages\/11414\/revisions"}],"predecessor-version":[{"id":15040,"href":"https:\/\/habonimcn.cn\/es\/wp-json\/wp\/v2\/pages\/11414\/revisions\/15040"}],"up":[{"embeddable":true,"href":"https:\/\/habonimcn.cn\/es\/wp-json\/wp\/v2\/pages\/9155"}],"wp:attachment":[{"href":"https:\/\/habonimcn.cn\/es\/wp-json\/wp\/v2\/media?parent=11414"}],"curies":[{"name":"wp","href":"https:\/\/api.w.org\/{rel}","templated":true}]}}