{"id":9073,"date":"2017-04-29T18:31:23","date_gmt":"2017-04-29T18:31:23","guid":{"rendered":"https:\/\/habonim.com\/stage\/oboot-os\/"},"modified":"2024-01-16T12:19:37","modified_gmt":"2024-01-16T12:19:37","slug":"oboot-os","status":"publish","type":"page","link":"https:\/\/habonimcn.cn\/es\/oboot-os\/","title":{"rendered":"Acerca de nosotros"},"content":{"rendered":"<h2>Trabajamos en aplicaciones exigentes<\/h2>\n<p>Establecida en 1949, con m\u00e1s de 70 a\u00f1os de experiencia, Habonim est\u00e1 comprometida con la ingenier\u00eda, la fabricaci\u00f3n y el suministro de productos superiores, as\u00ed como con la prestaci\u00f3n de un excelente servicio personal a nuestros clientes. Nos enorgullecemos de incorporar calidad, innovaci\u00f3n, confiabilidad y seguridad en nuestros productos.<\/p>\n<p>&nbsp;<\/p>\n<p>Ofrecemos las mejores soluciones profesionales para las industrias m\u00e1s exigentes, incluyendo petr\u00f3leo y gas, qu\u00edmica, petroqu\u00edmica, farmac\u00e9utica y minera. Adem\u00e1s de las v\u00e1lvulas de bola flotante est\u00e1ndar, fabricamos Trunnion criog\u00e9nicas, de alta presi\u00f3n y con asiento met\u00e1lico, as\u00ed como sistemas de control y automatizaci\u00f3n, actuadores neum\u00e1ticos y conjuntos de manifolds complejos para soluciones especializadas.<\/p>\n<p>&nbsp;<\/p>\n<p>Nuestro personal se centra en el desarrollo de nuevos productos al mismo tiempo que actualizamos continuamente nuestras l\u00edneas existentes. Nuestra experiencia es proporcionar soluciones personalizadas a las necesidades \u00fanicas de cada cliente. Los productos Habonim cumplen con los est\u00e1ndares industriales e internacionales m\u00e1s estrictos, pero tienen en cuenta las consideraciones de seguridad y medioambientales. Nuestros productos son muy duraderos en las condiciones m\u00e1s extremas y se someten a rigurosas pruebas antes de lanzarse al mercado. D\u00e9cadas de experiencia distinguen a nuestra empresa, que ofrece soluciones que son nuestra fortaleza y nuestro prop\u00f3sito.<\/p>\n<p>&nbsp;<\/p>\n<p>Habonim es parte del segmento de Procesos Industriales (IP) de ITT.<\/p>\n<p>ITT Inc. es una empresa l\u00edder que fabrica elementos de alta ingenier\u00eda y soluciones tecnol\u00f3gicas personalizadas para los mercados de transporte, industria y energ\u00eda. Gracias a su trayectoria de innovaci\u00f3n, ITT desarrolla con sus clientes soluciones perdurables para las industrias que sustentan nuestra forma de vida moderna. ITT tiene su casa matriz en Stamford, Connecticut, empleados en m\u00e1s de 35 pa\u00edses y negocios en aproximadamente 125 pa\u00edses.<\/p>\n<p>&nbsp;<\/p>\n","protected":false},"excerpt":{"rendered":"Trabajamos en aplicaciones exigentes Establecida en 1949, con m\u00e1s de 70 a\u00f1os de experiencia, Habonim est\u00e1 comprometida con la ingenier\u00eda, la fabricaci\u00f3n y el suministro de productos superiores, as\u00ed como con la prestaci\u00f3n de un excelente servicio personal a nuestros clientes. Nos enorgullecemos de incorporar calidad, innovaci\u00f3n, confiabilidad y seguridad en nuestros productos. &nbsp; Ofrecemos&#8230; <a class=\"view-article\" href=\"https:\/\/habonimcn.cn\/es\/oboot-os\/\">Ver art\u00edculo<\/a>","protected":false},"author":1,"featured_media":0,"parent":0,"menu_order":0,"comment_status":"closed","ping_status":"closed","template":"pages\/abautuspage.php","meta":{"_acf_changed":false,"footnotes":""},"class_list":["post-9073","page","type-page","status-publish","hentry"],"acf":[],"yoast_head":"<!-- This site is optimized with the Yoast SEO plugin v23.4 - https:\/\/yoast.com\/wordpress\/plugins\/seo\/ -->\n<title>Acerca de Habonim: 75 a\u00f1os de Experiencia - Habonim<\/title>\n<meta name=\"description\" content=\"Habonim ofrece soluciones para las industrias m\u00e1s exigentes: distribuci\u00f3n de gas, energ\u00eda, qu\u00edmica, petroqu\u00edmica, farmac\u00e9utica, biotecnol\u00f3gica y otras.\" \/>\n<meta name=\"robots\" content=\"index, follow, max-snippet:-1, max-image-preview:large, max-video-preview:-1\" \/>\n<link rel=\"canonical\" href=\"https:\/\/habonimcn.cn\/es\/oboot-os\/\" \/>\n<meta property=\"og:locale\" content=\"es_ES\" \/>\n<meta property=\"og:type\" content=\"article\" \/>\n<meta property=\"og:title\" content=\"Acerca de Habonim: 75 a\u00f1os de Experiencia - Habonim\" \/>\n<meta property=\"og:description\" content=\"Habonim ofrece soluciones para las industrias m\u00e1s exigentes: distribuci\u00f3n de gas, energ\u00eda, qu\u00edmica, petroqu\u00edmica, farmac\u00e9utica, biotecnol\u00f3gica y otras.\" \/>\n<meta property=\"og:url\" content=\"https:\/\/habonimcn.cn\/es\/oboot-os\/\" \/>\n<meta property=\"og:site_name\" content=\"Habonim Valve Solutions\" \/>\n<meta property=\"article:modified_time\" content=\"2024-01-16T12:19:37+00:00\" \/>\n<meta name=\"twitter:card\" content=\"summary_large_image\" \/>\n<meta name=\"twitter:label1\" content=\"Tiempo de lectura\" \/>\n\t<meta name=\"twitter:data1\" content=\"2 minutos\" \/>\n<script type=\"application\/ld+json\" class=\"yoast-schema-graph\">{\"@context\":\"https:\/\/schema.org\",\"@graph\":[{\"@type\":\"WebPage\",\"@id\":\"https:\/\/habonimcn.cn\/es\/oboot-os\/\",\"url\":\"https:\/\/habonimcn.cn\/es\/oboot-os\/\",\"name\":\"Acerca de Habonim: 75 a\u00f1os de Experiencia - Habonim\",\"isPartOf\":{\"@id\":\"https:\/\/habonimcn.cn\/es\/#website\"},\"datePublished\":\"2017-04-29T18:31:23+00:00\",\"dateModified\":\"2024-01-16T12:19:37+00:00\",\"description\":\"Habonim ofrece soluciones para las industrias m\u00e1s exigentes: distribuci\u00f3n de gas, energ\u00eda, qu\u00edmica, petroqu\u00edmica, farmac\u00e9utica, biotecnol\u00f3gica y otras.\",\"breadcrumb\":{\"@id\":\"https:\/\/habonimcn.cn\/es\/oboot-os\/#breadcrumb\"},\"inLanguage\":\"es\",\"potentialAction\":[{\"@type\":\"ReadAction\",\"target\":[\"https:\/\/habonimcn.cn\/es\/oboot-os\/\"]}]},{\"@type\":\"BreadcrumbList\",\"@id\":\"https:\/\/habonimcn.cn\/es\/oboot-os\/#breadcrumb\",\"itemListElement\":[{\"@type\":\"ListItem\",\"position\":1,\"name\":\"Home\",\"item\":\"https:\/\/habonimcn.cn\/es\/\"},{\"@type\":\"ListItem\",\"position\":2,\"name\":\"Acerca de nosotros\"}]},{\"@type\":\"WebSite\",\"@id\":\"https:\/\/habonimcn.cn\/es\/#website\",\"url\":\"https:\/\/habonimcn.cn\/es\/\",\"name\":\"Habonim Valve Solutions\",\"description\":\"Habonim Valve Solutions\",\"publisher\":{\"@id\":\"https:\/\/habonimcn.cn\/es\/#organization\"},\"potentialAction\":[{\"@type\":\"SearchAction\",\"target\":{\"@type\":\"EntryPoint\",\"urlTemplate\":\"https:\/\/habonimcn.cn\/es\/?s={search_term_string}\"},\"query-input\":{\"@type\":\"PropertyValueSpecification\",\"valueRequired\":true,\"valueName\":\"search_term_string\"}}],\"inLanguage\":\"es\"},{\"@type\":\"Organization\",\"@id\":\"https:\/\/habonimcn.cn\/es\/#organization\",\"name\":\"Habonim\",\"url\":\"https:\/\/habonimcn.cn\/es\/\",\"logo\":{\"@type\":\"ImageObject\",\"inLanguage\":\"es\",\"@id\":\"https:\/\/habonimcn.cn\/es\/#\/schema\/logo\/image\/\",\"url\":\"\",\"contentUrl\":\"\",\"caption\":\"Habonim\"},\"image\":{\"@id\":\"https:\/\/habonimcn.cn\/es\/#\/schema\/logo\/image\/\"}}]}<\/script>\n<!-- \/ Yoast SEO plugin. -->","yoast_head_json":{"title":"Acerca de Habonim: 75 a\u00f1os de Experiencia - Habonim","description":"Habonim ofrece soluciones para las industrias m\u00e1s exigentes: distribuci\u00f3n de gas, energ\u00eda, qu\u00edmica, petroqu\u00edmica, farmac\u00e9utica, biotecnol\u00f3gica y otras.","robots":{"index":"index","follow":"follow","max-snippet":"max-snippet:-1","max-image-preview":"max-image-preview:large","max-video-preview":"max-video-preview:-1"},"canonical":"https:\/\/habonimcn.cn\/es\/oboot-os\/","og_locale":"es_ES","og_type":"article","og_title":"Acerca de Habonim: 75 a\u00f1os de Experiencia - Habonim","og_description":"Habonim ofrece soluciones para las industrias m\u00e1s exigentes: distribuci\u00f3n de gas, energ\u00eda, qu\u00edmica, petroqu\u00edmica, farmac\u00e9utica, biotecnol\u00f3gica y otras.","og_url":"https:\/\/habonimcn.cn\/es\/oboot-os\/","og_site_name":"Habonim Valve Solutions","article_modified_time":"2024-01-16T12:19:37+00:00","twitter_card":"summary_large_image","twitter_misc":{"Tiempo de lectura":"2 minutos"},"schema":{"@context":"https:\/\/schema.org","@graph":[{"@type":"WebPage","@id":"https:\/\/habonimcn.cn\/es\/oboot-os\/","url":"https:\/\/habonimcn.cn\/es\/oboot-os\/","name":"Acerca de Habonim: 75 a\u00f1os de Experiencia - Habonim","isPartOf":{"@id":"https:\/\/habonimcn.cn\/es\/#website"},"datePublished":"2017-04-29T18:31:23+00:00","dateModified":"2024-01-16T12:19:37+00:00","description":"Habonim ofrece soluciones para las industrias m\u00e1s exigentes: distribuci\u00f3n de gas, energ\u00eda, qu\u00edmica, petroqu\u00edmica, farmac\u00e9utica, biotecnol\u00f3gica y otras.","breadcrumb":{"@id":"https:\/\/habonimcn.cn\/es\/oboot-os\/#breadcrumb"},"inLanguage":"es","potentialAction":[{"@type":"ReadAction","target":["https:\/\/habonimcn.cn\/es\/oboot-os\/"]}]},{"@type":"BreadcrumbList","@id":"https:\/\/habonimcn.cn\/es\/oboot-os\/#breadcrumb","itemListElement":[{"@type":"ListItem","position":1,"name":"Home","item":"https:\/\/habonimcn.cn\/es\/"},{"@type":"ListItem","position":2,"name":"Acerca de nosotros"}]},{"@type":"WebSite","@id":"https:\/\/habonimcn.cn\/es\/#website","url":"https:\/\/habonimcn.cn\/es\/","name":"Habonim Valve Solutions","description":"Habonim Valve Solutions","publisher":{"@id":"https:\/\/habonimcn.cn\/es\/#organization"},"potentialAction":[{"@type":"SearchAction","target":{"@type":"EntryPoint","urlTemplate":"https:\/\/habonimcn.cn\/es\/?s={search_term_string}"},"query-input":{"@type":"PropertyValueSpecification","valueRequired":true,"valueName":"search_term_string"}}],"inLanguage":"es"},{"@type":"Organization","@id":"https:\/\/habonimcn.cn\/es\/#organization","name":"Habonim","url":"https:\/\/habonimcn.cn\/es\/","logo":{"@type":"ImageObject","inLanguage":"es","@id":"https:\/\/habonimcn.cn\/es\/#\/schema\/logo\/image\/","url":"","contentUrl":"","caption":"Habonim"},"image":{"@id":"https:\/\/habonimcn.cn\/es\/#\/schema\/logo\/image\/"}}]}},"_links":{"self":[{"href":"https:\/\/habonimcn.cn\/es\/wp-json\/wp\/v2\/pages\/9073"}],"collection":[{"href":"https:\/\/habonimcn.cn\/es\/wp-json\/wp\/v2\/pages"}],"about":[{"href":"https:\/\/habonimcn.cn\/es\/wp-json\/wp\/v2\/types\/page"}],"author":[{"embeddable":true,"href":"https:\/\/habonimcn.cn\/es\/wp-json\/wp\/v2\/users\/1"}],"replies":[{"embeddable":true,"href":"https:\/\/habonimcn.cn\/es\/wp-json\/wp\/v2\/comments?post=9073"}],"version-history":[{"count":11,"href":"https:\/\/habonimcn.cn\/es\/wp-json\/wp\/v2\/pages\/9073\/revisions"}],"predecessor-version":[{"id":13540,"href":"https:\/\/habonimcn.cn\/es\/wp-json\/wp\/v2\/pages\/9073\/revisions\/13540"}],"wp:attachment":[{"href":"https:\/\/habonimcn.cn\/es\/wp-json\/wp\/v2\/media?parent=9073"}],"curies":[{"name":"wp","href":"https:\/\/api.w.org\/{rel}","templated":true}]}}