{"id":9308,"date":"2017-07-16T09:43:43","date_gmt":"2017-07-16T09:43:43","guid":{"rendered":"https:\/\/habonim.com\/stage\/pagina-hermetix\/"},"modified":"2023-05-17T08:17:16","modified_gmt":"2023-05-17T08:17:16","slug":"pagina-hermetix","status":"publish","type":"page","link":"https:\/\/habonimcn.cn\/es\/pagina-hermetix\/","title":{"rendered":"P\u00e1gina HermetiX\u2122"},"content":{"rendered":"","protected":false},"excerpt":{"rendered":"","protected":false},"author":1,"featured_media":0,"parent":0,"menu_order":0,"comment_status":"closed","ping_status":"closed","template":"pages\/hermetixpage.php","meta":{"_acf_changed":false,"footnotes":""},"class_list":["post-9308","page","type-page","status-publish","hentry"],"acf":[],"yoast_head":"<!-- This site is optimized with the Yoast SEO plugin v23.4 - https:\/\/yoast.com\/wordpress\/plugins\/seo\/ -->\n<title>HermetiX\u2122: Sellador de v\u00e1stago de v\u00e1lvula de cero fugas<\/title>\n<meta name=\"description\" content=\"Obtenga m\u00e1s informaci\u00f3n sobre HermetiX, el sello de v\u00e1stagos \u00fanico y caracter\u00edstico que Habonim proporciona en todas sus l\u00edneas de productos est\u00e1ndar\" \/>\n<meta name=\"robots\" content=\"index, follow, max-snippet:-1, max-image-preview:large, max-video-preview:-1\" \/>\n<link rel=\"canonical\" href=\"https:\/\/habonimcn.cn\/es\/pagina-hermetix\/\" \/>\n<meta property=\"og:locale\" content=\"es_ES\" \/>\n<meta property=\"og:type\" content=\"article\" \/>\n<meta property=\"og:title\" content=\"HermetiX\u2122: Sellador de v\u00e1stago de v\u00e1lvula de cero fugas\" \/>\n<meta property=\"og:description\" content=\"Obtenga m\u00e1s informaci\u00f3n sobre HermetiX, el sello de v\u00e1stagos \u00fanico y caracter\u00edstico que Habonim proporciona en todas sus l\u00edneas de productos est\u00e1ndar\" \/>\n<meta property=\"og:url\" content=\"https:\/\/habonimcn.cn\/es\/pagina-hermetix\/\" \/>\n<meta property=\"og:site_name\" content=\"Habonim Valve Solutions\" \/>\n<meta property=\"article:modified_time\" content=\"2023-05-17T08:17:16+00:00\" \/>\n<meta name=\"twitter:card\" content=\"summary_large_image\" \/>\n<script type=\"application\/ld+json\" class=\"yoast-schema-graph\">{\"@context\":\"https:\/\/schema.org\",\"@graph\":[{\"@type\":\"WebPage\",\"@id\":\"https:\/\/habonimcn.cn\/es\/pagina-hermetix\/\",\"url\":\"https:\/\/habonimcn.cn\/es\/pagina-hermetix\/\",\"name\":\"HermetiX\u2122: Sellador de v\u00e1stago de v\u00e1lvula de cero fugas\",\"isPartOf\":{\"@id\":\"https:\/\/habonimcn.cn\/es\/#website\"},\"datePublished\":\"2017-07-16T09:43:43+00:00\",\"dateModified\":\"2023-05-17T08:17:16+00:00\",\"description\":\"Obtenga m\u00e1s informaci\u00f3n sobre HermetiX, el sello de v\u00e1stagos \u00fanico y caracter\u00edstico que Habonim proporciona en todas sus l\u00edneas de productos est\u00e1ndar\",\"breadcrumb\":{\"@id\":\"https:\/\/habonimcn.cn\/es\/pagina-hermetix\/#breadcrumb\"},\"inLanguage\":\"es\",\"potentialAction\":[{\"@type\":\"ReadAction\",\"target\":[\"https:\/\/habonimcn.cn\/es\/pagina-hermetix\/\"]}]},{\"@type\":\"BreadcrumbList\",\"@id\":\"https:\/\/habonimcn.cn\/es\/pagina-hermetix\/#breadcrumb\",\"itemListElement\":[{\"@type\":\"ListItem\",\"position\":1,\"name\":\"Home\",\"item\":\"https:\/\/habonimcn.cn\/es\/\"},{\"@type\":\"ListItem\",\"position\":2,\"name\":\"P\u00e1gina HermetiX\u2122\"}]},{\"@type\":\"WebSite\",\"@id\":\"https:\/\/habonimcn.cn\/es\/#website\",\"url\":\"https:\/\/habonimcn.cn\/es\/\",\"name\":\"Habonim Valve Solutions\",\"description\":\"Habonim Valve Solutions\",\"publisher\":{\"@id\":\"https:\/\/habonimcn.cn\/es\/#organization\"},\"potentialAction\":[{\"@type\":\"SearchAction\",\"target\":{\"@type\":\"EntryPoint\",\"urlTemplate\":\"https:\/\/habonimcn.cn\/es\/?s={search_term_string}\"},\"query-input\":{\"@type\":\"PropertyValueSpecification\",\"valueRequired\":true,\"valueName\":\"search_term_string\"}}],\"inLanguage\":\"es\"},{\"@type\":\"Organization\",\"@id\":\"https:\/\/habonimcn.cn\/es\/#organization\",\"name\":\"Habonim\",\"url\":\"https:\/\/habonimcn.cn\/es\/\",\"logo\":{\"@type\":\"ImageObject\",\"inLanguage\":\"es\",\"@id\":\"https:\/\/habonimcn.cn\/es\/#\/schema\/logo\/image\/\",\"url\":\"\",\"contentUrl\":\"\",\"caption\":\"Habonim\"},\"image\":{\"@id\":\"https:\/\/habonimcn.cn\/es\/#\/schema\/logo\/image\/\"}}]}<\/script>\n<!-- \/ Yoast SEO plugin. -->","yoast_head_json":{"title":"HermetiX\u2122: Sellador de v\u00e1stago de v\u00e1lvula de cero fugas","description":"Obtenga m\u00e1s informaci\u00f3n sobre HermetiX, el sello de v\u00e1stagos \u00fanico y caracter\u00edstico que Habonim proporciona en todas sus l\u00edneas de productos est\u00e1ndar","robots":{"index":"index","follow":"follow","max-snippet":"max-snippet:-1","max-image-preview":"max-image-preview:large","max-video-preview":"max-video-preview:-1"},"canonical":"https:\/\/habonimcn.cn\/es\/pagina-hermetix\/","og_locale":"es_ES","og_type":"article","og_title":"HermetiX\u2122: Sellador de v\u00e1stago de v\u00e1lvula de cero fugas","og_description":"Obtenga m\u00e1s informaci\u00f3n sobre HermetiX, el sello de v\u00e1stagos \u00fanico y caracter\u00edstico que Habonim proporciona en todas sus l\u00edneas de productos est\u00e1ndar","og_url":"https:\/\/habonimcn.cn\/es\/pagina-hermetix\/","og_site_name":"Habonim Valve Solutions","article_modified_time":"2023-05-17T08:17:16+00:00","twitter_card":"summary_large_image","schema":{"@context":"https:\/\/schema.org","@graph":[{"@type":"WebPage","@id":"https:\/\/habonimcn.cn\/es\/pagina-hermetix\/","url":"https:\/\/habonimcn.cn\/es\/pagina-hermetix\/","name":"HermetiX\u2122: Sellador de v\u00e1stago de v\u00e1lvula de cero fugas","isPartOf":{"@id":"https:\/\/habonimcn.cn\/es\/#website"},"datePublished":"2017-07-16T09:43:43+00:00","dateModified":"2023-05-17T08:17:16+00:00","description":"Obtenga m\u00e1s informaci\u00f3n sobre HermetiX, el sello de v\u00e1stagos \u00fanico y caracter\u00edstico que Habonim proporciona en todas sus l\u00edneas de productos est\u00e1ndar","breadcrumb":{"@id":"https:\/\/habonimcn.cn\/es\/pagina-hermetix\/#breadcrumb"},"inLanguage":"es","potentialAction":[{"@type":"ReadAction","target":["https:\/\/habonimcn.cn\/es\/pagina-hermetix\/"]}]},{"@type":"BreadcrumbList","@id":"https:\/\/habonimcn.cn\/es\/pagina-hermetix\/#breadcrumb","itemListElement":[{"@type":"ListItem","position":1,"name":"Home","item":"https:\/\/habonimcn.cn\/es\/"},{"@type":"ListItem","position":2,"name":"P\u00e1gina HermetiX\u2122"}]},{"@type":"WebSite","@id":"https:\/\/habonimcn.cn\/es\/#website","url":"https:\/\/habonimcn.cn\/es\/","name":"Habonim Valve Solutions","description":"Habonim Valve Solutions","publisher":{"@id":"https:\/\/habonimcn.cn\/es\/#organization"},"potentialAction":[{"@type":"SearchAction","target":{"@type":"EntryPoint","urlTemplate":"https:\/\/habonimcn.cn\/es\/?s={search_term_string}"},"query-input":{"@type":"PropertyValueSpecification","valueRequired":true,"valueName":"search_term_string"}}],"inLanguage":"es"},{"@type":"Organization","@id":"https:\/\/habonimcn.cn\/es\/#organization","name":"Habonim","url":"https:\/\/habonimcn.cn\/es\/","logo":{"@type":"ImageObject","inLanguage":"es","@id":"https:\/\/habonimcn.cn\/es\/#\/schema\/logo\/image\/","url":"","contentUrl":"","caption":"Habonim"},"image":{"@id":"https:\/\/habonimcn.cn\/es\/#\/schema\/logo\/image\/"}}]}},"_links":{"self":[{"href":"https:\/\/habonimcn.cn\/es\/wp-json\/wp\/v2\/pages\/9308"}],"collection":[{"href":"https:\/\/habonimcn.cn\/es\/wp-json\/wp\/v2\/pages"}],"about":[{"href":"https:\/\/habonimcn.cn\/es\/wp-json\/wp\/v2\/types\/page"}],"author":[{"embeddable":true,"href":"https:\/\/habonimcn.cn\/es\/wp-json\/wp\/v2\/users\/1"}],"replies":[{"embeddable":true,"href":"https:\/\/habonimcn.cn\/es\/wp-json\/wp\/v2\/comments?post=9308"}],"version-history":[{"count":2,"href":"https:\/\/habonimcn.cn\/es\/wp-json\/wp\/v2\/pages\/9308\/revisions"}],"predecessor-version":[{"id":10887,"href":"https:\/\/habonimcn.cn\/es\/wp-json\/wp\/v2\/pages\/9308\/revisions\/10887"}],"wp:attachment":[{"href":"https:\/\/habonimcn.cn\/es\/wp-json\/wp\/v2\/media?parent=9308"}],"curies":[{"name":"wp","href":"https:\/\/api.w.org\/{rel}","templated":true}]}}