{"id":9318,"date":"2017-06-25T08:20:10","date_gmt":"2017-06-25T08:20:10","guid":{"rendered":"https:\/\/habonim.com\/stage\/sector-maritimo\/"},"modified":"2023-07-24T09:33:23","modified_gmt":"2023-07-24T09:33:23","slug":"sector-maritimo","status":"publish","type":"page","link":"https:\/\/habonimcn.cn\/es\/sector-maritimo\/","title":{"rendered":"Sector Mar\u00edtimo"},"content":{"rendered":"","protected":false},"excerpt":{"rendered":"","protected":false},"author":1,"featured_media":0,"parent":0,"menu_order":0,"comment_status":"closed","ping_status":"closed","template":"pages\/applicationpage.php","meta":{"_acf_changed":false,"footnotes":""},"class_list":["post-9318","page","type-page","status-publish","hentry"],"acf":[],"yoast_head":"<!-- This site is optimized with the Yoast SEO plugin v23.4 - https:\/\/yoast.com\/wordpress\/plugins\/seo\/ -->\n<title>V\u00e1lvulas marinas Ligeras, de bajo mantenimiento y compactas<\/title>\n<meta name=\"description\" content=\"Las v\u00e1lvulas para aplicaciones marinas cumplen con los est\u00e1ndares de esta industria industria, incluidas las aprobaciones de los organismos reguladores\" \/>\n<meta name=\"robots\" content=\"index, follow, max-snippet:-1, max-image-preview:large, max-video-preview:-1\" \/>\n<link rel=\"canonical\" href=\"https:\/\/habonimcn.cn\/es\/sector-maritimo\/\" \/>\n<meta property=\"og:locale\" content=\"es_ES\" \/>\n<meta property=\"og:type\" content=\"article\" \/>\n<meta property=\"og:title\" content=\"V\u00e1lvulas marinas Ligeras, de bajo mantenimiento y compactas\" \/>\n<meta property=\"og:description\" content=\"Las v\u00e1lvulas para aplicaciones marinas cumplen con los est\u00e1ndares de esta industria industria, incluidas las aprobaciones de los organismos reguladores\" \/>\n<meta property=\"og:url\" content=\"https:\/\/habonimcn.cn\/es\/sector-maritimo\/\" \/>\n<meta property=\"og:site_name\" content=\"Habonim Valve Solutions\" \/>\n<meta property=\"article:modified_time\" content=\"2023-07-24T09:33:23+00:00\" \/>\n<meta name=\"twitter:card\" content=\"summary_large_image\" \/>\n<script type=\"application\/ld+json\" class=\"yoast-schema-graph\">{\"@context\":\"https:\/\/schema.org\",\"@graph\":[{\"@type\":\"WebPage\",\"@id\":\"https:\/\/habonimcn.cn\/es\/sector-maritimo\/\",\"url\":\"https:\/\/habonimcn.cn\/es\/sector-maritimo\/\",\"name\":\"V\u00e1lvulas marinas Ligeras, de bajo mantenimiento y compactas\",\"isPartOf\":{\"@id\":\"https:\/\/habonimcn.cn\/es\/#website\"},\"datePublished\":\"2017-06-25T08:20:10+00:00\",\"dateModified\":\"2023-07-24T09:33:23+00:00\",\"description\":\"Las v\u00e1lvulas para aplicaciones marinas cumplen con los est\u00e1ndares de esta industria industria, incluidas las aprobaciones de los organismos reguladores\",\"breadcrumb\":{\"@id\":\"https:\/\/habonimcn.cn\/es\/sector-maritimo\/#breadcrumb\"},\"inLanguage\":\"es\",\"potentialAction\":[{\"@type\":\"ReadAction\",\"target\":[\"https:\/\/habonimcn.cn\/es\/sector-maritimo\/\"]}]},{\"@type\":\"BreadcrumbList\",\"@id\":\"https:\/\/habonimcn.cn\/es\/sector-maritimo\/#breadcrumb\",\"itemListElement\":[{\"@type\":\"ListItem\",\"position\":1,\"name\":\"Home\",\"item\":\"https:\/\/habonimcn.cn\/es\/\"},{\"@type\":\"ListItem\",\"position\":2,\"name\":\"Sector Mar\u00edtimo\"}]},{\"@type\":\"WebSite\",\"@id\":\"https:\/\/habonimcn.cn\/es\/#website\",\"url\":\"https:\/\/habonimcn.cn\/es\/\",\"name\":\"Habonim Valve Solutions\",\"description\":\"Habonim Valve Solutions\",\"publisher\":{\"@id\":\"https:\/\/habonimcn.cn\/es\/#organization\"},\"potentialAction\":[{\"@type\":\"SearchAction\",\"target\":{\"@type\":\"EntryPoint\",\"urlTemplate\":\"https:\/\/habonimcn.cn\/es\/?s={search_term_string}\"},\"query-input\":{\"@type\":\"PropertyValueSpecification\",\"valueRequired\":true,\"valueName\":\"search_term_string\"}}],\"inLanguage\":\"es\"},{\"@type\":\"Organization\",\"@id\":\"https:\/\/habonimcn.cn\/es\/#organization\",\"name\":\"Habonim\",\"url\":\"https:\/\/habonimcn.cn\/es\/\",\"logo\":{\"@type\":\"ImageObject\",\"inLanguage\":\"es\",\"@id\":\"https:\/\/habonimcn.cn\/es\/#\/schema\/logo\/image\/\",\"url\":\"\",\"contentUrl\":\"\",\"caption\":\"Habonim\"},\"image\":{\"@id\":\"https:\/\/habonimcn.cn\/es\/#\/schema\/logo\/image\/\"}}]}<\/script>\n<!-- \/ Yoast SEO plugin. -->","yoast_head_json":{"title":"V\u00e1lvulas marinas Ligeras, de bajo mantenimiento y compactas","description":"Las v\u00e1lvulas para aplicaciones marinas cumplen con los est\u00e1ndares de esta industria industria, incluidas las aprobaciones de los organismos reguladores","robots":{"index":"index","follow":"follow","max-snippet":"max-snippet:-1","max-image-preview":"max-image-preview:large","max-video-preview":"max-video-preview:-1"},"canonical":"https:\/\/habonimcn.cn\/es\/sector-maritimo\/","og_locale":"es_ES","og_type":"article","og_title":"V\u00e1lvulas marinas Ligeras, de bajo mantenimiento y compactas","og_description":"Las v\u00e1lvulas para aplicaciones marinas cumplen con los est\u00e1ndares de esta industria industria, incluidas las aprobaciones de los organismos reguladores","og_url":"https:\/\/habonimcn.cn\/es\/sector-maritimo\/","og_site_name":"Habonim Valve Solutions","article_modified_time":"2023-07-24T09:33:23+00:00","twitter_card":"summary_large_image","schema":{"@context":"https:\/\/schema.org","@graph":[{"@type":"WebPage","@id":"https:\/\/habonimcn.cn\/es\/sector-maritimo\/","url":"https:\/\/habonimcn.cn\/es\/sector-maritimo\/","name":"V\u00e1lvulas marinas Ligeras, de bajo mantenimiento y compactas","isPartOf":{"@id":"https:\/\/habonimcn.cn\/es\/#website"},"datePublished":"2017-06-25T08:20:10+00:00","dateModified":"2023-07-24T09:33:23+00:00","description":"Las v\u00e1lvulas para aplicaciones marinas cumplen con los est\u00e1ndares de esta industria industria, incluidas las aprobaciones de los organismos reguladores","breadcrumb":{"@id":"https:\/\/habonimcn.cn\/es\/sector-maritimo\/#breadcrumb"},"inLanguage":"es","potentialAction":[{"@type":"ReadAction","target":["https:\/\/habonimcn.cn\/es\/sector-maritimo\/"]}]},{"@type":"BreadcrumbList","@id":"https:\/\/habonimcn.cn\/es\/sector-maritimo\/#breadcrumb","itemListElement":[{"@type":"ListItem","position":1,"name":"Home","item":"https:\/\/habonimcn.cn\/es\/"},{"@type":"ListItem","position":2,"name":"Sector Mar\u00edtimo"}]},{"@type":"WebSite","@id":"https:\/\/habonimcn.cn\/es\/#website","url":"https:\/\/habonimcn.cn\/es\/","name":"Habonim Valve Solutions","description":"Habonim Valve Solutions","publisher":{"@id":"https:\/\/habonimcn.cn\/es\/#organization"},"potentialAction":[{"@type":"SearchAction","target":{"@type":"EntryPoint","urlTemplate":"https:\/\/habonimcn.cn\/es\/?s={search_term_string}"},"query-input":{"@type":"PropertyValueSpecification","valueRequired":true,"valueName":"search_term_string"}}],"inLanguage":"es"},{"@type":"Organization","@id":"https:\/\/habonimcn.cn\/es\/#organization","name":"Habonim","url":"https:\/\/habonimcn.cn\/es\/","logo":{"@type":"ImageObject","inLanguage":"es","@id":"https:\/\/habonimcn.cn\/es\/#\/schema\/logo\/image\/","url":"","contentUrl":"","caption":"Habonim"},"image":{"@id":"https:\/\/habonimcn.cn\/es\/#\/schema\/logo\/image\/"}}]}},"_links":{"self":[{"href":"https:\/\/habonimcn.cn\/es\/wp-json\/wp\/v2\/pages\/9318"}],"collection":[{"href":"https:\/\/habonimcn.cn\/es\/wp-json\/wp\/v2\/pages"}],"about":[{"href":"https:\/\/habonimcn.cn\/es\/wp-json\/wp\/v2\/types\/page"}],"author":[{"embeddable":true,"href":"https:\/\/habonimcn.cn\/es\/wp-json\/wp\/v2\/users\/1"}],"replies":[{"embeddable":true,"href":"https:\/\/habonimcn.cn\/es\/wp-json\/wp\/v2\/comments?post=9318"}],"version-history":[{"count":5,"href":"https:\/\/habonimcn.cn\/es\/wp-json\/wp\/v2\/pages\/9318\/revisions"}],"predecessor-version":[{"id":12071,"href":"https:\/\/habonimcn.cn\/es\/wp-json\/wp\/v2\/pages\/9318\/revisions\/12071"}],"wp:attachment":[{"href":"https:\/\/habonimcn.cn\/es\/wp-json\/wp\/v2\/media?parent=9318"}],"curies":[{"name":"wp","href":"https:\/\/api.w.org\/{rel}","templated":true}]}}