{"id":9328,"date":"2017-06-13T10:07:29","date_gmt":"2017-06-13T10:07:29","guid":{"rendered":"https:\/\/habonim.com\/stage\/productos-actuador-compact\/"},"modified":"2024-06-19T13:35:26","modified_gmt":"2024-06-19T13:35:26","slug":"productos-actuador-compact","status":"publish","type":"page","link":"https:\/\/habonimcn.cn\/es\/productos-actuador-compact\/","title":{"rendered":"Productos &#8211; Actuador COMPACT"},"content":{"rendered":"<p>El actuador COMPACT es un actuador neum\u00e1tico de cremallera y pi\u00f1\u00f3n de un cuarto de vuelta que duplica el<br \/>\npar de los actuadores neum\u00e1ticos est\u00e1ndar. El rendimiento superior se logra mediante el dise\u00f1o patentado<br \/>\nde cuatro pistones de Habonim, que produce un par alrededor de un pist\u00f3n ubicado en el centro. Esto<br \/>\nse traduce en el doble de potencia para el actuador del mismo tama\u00f1o o la mitad del tama\u00f1o para la misma cantidad<br \/>\nde potencia.<\/p>\n","protected":false},"excerpt":{"rendered":"El actuador COMPACT es un actuador neum\u00e1tico de cremallera y pi\u00f1\u00f3n de un cuarto de vuelta que duplica el par de los actuadores neum\u00e1ticos est\u00e1ndar. El rendimiento superior se logra mediante el dise\u00f1o patentado de cuatro pistones de Habonim, que produce un par alrededor de un pist\u00f3n ubicado en el centro. Esto se traduce en&#8230; <a class=\"view-article\" href=\"https:\/\/habonimcn.cn\/es\/productos-actuador-compact\/\">Ver art\u00edculo<\/a>","protected":false},"author":2,"featured_media":0,"parent":0,"menu_order":0,"comment_status":"closed","ping_status":"closed","template":"pages\/categorypage.php","meta":{"_acf_changed":false,"footnotes":""},"class_list":["post-9328","page","type-page","status-publish","hentry"],"acf":[],"yoast_head":"<!-- This site is optimized with the Yoast SEO plugin v23.4 - https:\/\/yoast.com\/wordpress\/plugins\/seo\/ -->\n<title>Productos - Actuador COMPACT - V\u00e1lvulas Habonim<\/title>\n<meta name=\"description\" content=\"El actuador COMPACT es un actuador neum\u00e1tico de cremallera y pi\u00f1\u00f3n de un cuarto de vuelta que duplica otros actuadores neum\u00e1ticos est\u00e1ndar del mercado\" \/>\n<meta name=\"robots\" content=\"index, follow, max-snippet:-1, max-image-preview:large, max-video-preview:-1\" \/>\n<link rel=\"canonical\" href=\"https:\/\/habonimcn.cn\/es\/productos-actuador-compact\/\" \/>\n<meta property=\"og:locale\" content=\"es_ES\" \/>\n<meta property=\"og:type\" content=\"article\" \/>\n<meta property=\"og:title\" content=\"Productos - Actuador COMPACT - V\u00e1lvulas Habonim\" \/>\n<meta property=\"og:description\" content=\"El actuador COMPACT es un actuador neum\u00e1tico de cremallera y pi\u00f1\u00f3n de un cuarto de vuelta que duplica otros actuadores neum\u00e1ticos est\u00e1ndar del mercado\" \/>\n<meta property=\"og:url\" content=\"https:\/\/habonimcn.cn\/es\/productos-actuador-compact\/\" \/>\n<meta property=\"og:site_name\" content=\"Habonim Valve Solutions\" \/>\n<meta property=\"article:modified_time\" content=\"2024-06-19T13:35:26+00:00\" \/>\n<meta name=\"twitter:card\" content=\"summary_large_image\" \/>\n<meta name=\"twitter:label1\" content=\"Tiempo de lectura\" \/>\n\t<meta name=\"twitter:data1\" content=\"1 minuto\" \/>\n<script type=\"application\/ld+json\" class=\"yoast-schema-graph\">{\"@context\":\"https:\/\/schema.org\",\"@graph\":[{\"@type\":\"WebPage\",\"@id\":\"https:\/\/habonimcn.cn\/es\/productos-actuador-compact\/\",\"url\":\"https:\/\/habonimcn.cn\/es\/productos-actuador-compact\/\",\"name\":\"Productos - Actuador COMPACT - V\u00e1lvulas Habonim\",\"isPartOf\":{\"@id\":\"https:\/\/habonimcn.cn\/es\/#website\"},\"datePublished\":\"2017-06-13T10:07:29+00:00\",\"dateModified\":\"2024-06-19T13:35:26+00:00\",\"description\":\"El actuador COMPACT es un actuador neum\u00e1tico de cremallera y pi\u00f1\u00f3n de un cuarto de vuelta que duplica otros actuadores neum\u00e1ticos est\u00e1ndar del mercado\",\"breadcrumb\":{\"@id\":\"https:\/\/habonimcn.cn\/es\/productos-actuador-compact\/#breadcrumb\"},\"inLanguage\":\"es\",\"potentialAction\":[{\"@type\":\"ReadAction\",\"target\":[\"https:\/\/habonimcn.cn\/es\/productos-actuador-compact\/\"]}]},{\"@type\":\"BreadcrumbList\",\"@id\":\"https:\/\/habonimcn.cn\/es\/productos-actuador-compact\/#breadcrumb\",\"itemListElement\":[{\"@type\":\"ListItem\",\"position\":1,\"name\":\"Home\",\"item\":\"https:\/\/habonimcn.cn\/es\/\"},{\"@type\":\"ListItem\",\"position\":2,\"name\":\"Productos &#8211; Actuador COMPACT\"}]},{\"@type\":\"WebSite\",\"@id\":\"https:\/\/habonimcn.cn\/es\/#website\",\"url\":\"https:\/\/habonimcn.cn\/es\/\",\"name\":\"Habonim Valve Solutions\",\"description\":\"Habonim Valve Solutions\",\"publisher\":{\"@id\":\"https:\/\/habonimcn.cn\/es\/#organization\"},\"potentialAction\":[{\"@type\":\"SearchAction\",\"target\":{\"@type\":\"EntryPoint\",\"urlTemplate\":\"https:\/\/habonimcn.cn\/es\/?s={search_term_string}\"},\"query-input\":{\"@type\":\"PropertyValueSpecification\",\"valueRequired\":true,\"valueName\":\"search_term_string\"}}],\"inLanguage\":\"es\"},{\"@type\":\"Organization\",\"@id\":\"https:\/\/habonimcn.cn\/es\/#organization\",\"name\":\"Habonim\",\"url\":\"https:\/\/habonimcn.cn\/es\/\",\"logo\":{\"@type\":\"ImageObject\",\"inLanguage\":\"es\",\"@id\":\"https:\/\/habonimcn.cn\/es\/#\/schema\/logo\/image\/\",\"url\":\"\",\"contentUrl\":\"\",\"caption\":\"Habonim\"},\"image\":{\"@id\":\"https:\/\/habonimcn.cn\/es\/#\/schema\/logo\/image\/\"}}]}<\/script>\n<!-- \/ Yoast SEO plugin. -->","yoast_head_json":{"title":"Productos - Actuador COMPACT - V\u00e1lvulas Habonim","description":"El actuador COMPACT es un actuador neum\u00e1tico de cremallera y pi\u00f1\u00f3n de un cuarto de vuelta que duplica otros actuadores neum\u00e1ticos est\u00e1ndar del mercado","robots":{"index":"index","follow":"follow","max-snippet":"max-snippet:-1","max-image-preview":"max-image-preview:large","max-video-preview":"max-video-preview:-1"},"canonical":"https:\/\/habonimcn.cn\/es\/productos-actuador-compact\/","og_locale":"es_ES","og_type":"article","og_title":"Productos - Actuador COMPACT - V\u00e1lvulas Habonim","og_description":"El actuador COMPACT es un actuador neum\u00e1tico de cremallera y pi\u00f1\u00f3n de un cuarto de vuelta que duplica otros actuadores neum\u00e1ticos est\u00e1ndar del mercado","og_url":"https:\/\/habonimcn.cn\/es\/productos-actuador-compact\/","og_site_name":"Habonim Valve Solutions","article_modified_time":"2024-06-19T13:35:26+00:00","twitter_card":"summary_large_image","twitter_misc":{"Tiempo de lectura":"1 minuto"},"schema":{"@context":"https:\/\/schema.org","@graph":[{"@type":"WebPage","@id":"https:\/\/habonimcn.cn\/es\/productos-actuador-compact\/","url":"https:\/\/habonimcn.cn\/es\/productos-actuador-compact\/","name":"Productos - Actuador COMPACT - V\u00e1lvulas Habonim","isPartOf":{"@id":"https:\/\/habonimcn.cn\/es\/#website"},"datePublished":"2017-06-13T10:07:29+00:00","dateModified":"2024-06-19T13:35:26+00:00","description":"El actuador COMPACT es un actuador neum\u00e1tico de cremallera y pi\u00f1\u00f3n de un cuarto de vuelta que duplica otros actuadores neum\u00e1ticos est\u00e1ndar del mercado","breadcrumb":{"@id":"https:\/\/habonimcn.cn\/es\/productos-actuador-compact\/#breadcrumb"},"inLanguage":"es","potentialAction":[{"@type":"ReadAction","target":["https:\/\/habonimcn.cn\/es\/productos-actuador-compact\/"]}]},{"@type":"BreadcrumbList","@id":"https:\/\/habonimcn.cn\/es\/productos-actuador-compact\/#breadcrumb","itemListElement":[{"@type":"ListItem","position":1,"name":"Home","item":"https:\/\/habonimcn.cn\/es\/"},{"@type":"ListItem","position":2,"name":"Productos &#8211; Actuador COMPACT"}]},{"@type":"WebSite","@id":"https:\/\/habonimcn.cn\/es\/#website","url":"https:\/\/habonimcn.cn\/es\/","name":"Habonim Valve Solutions","description":"Habonim Valve Solutions","publisher":{"@id":"https:\/\/habonimcn.cn\/es\/#organization"},"potentialAction":[{"@type":"SearchAction","target":{"@type":"EntryPoint","urlTemplate":"https:\/\/habonimcn.cn\/es\/?s={search_term_string}"},"query-input":{"@type":"PropertyValueSpecification","valueRequired":true,"valueName":"search_term_string"}}],"inLanguage":"es"},{"@type":"Organization","@id":"https:\/\/habonimcn.cn\/es\/#organization","name":"Habonim","url":"https:\/\/habonimcn.cn\/es\/","logo":{"@type":"ImageObject","inLanguage":"es","@id":"https:\/\/habonimcn.cn\/es\/#\/schema\/logo\/image\/","url":"","contentUrl":"","caption":"Habonim"},"image":{"@id":"https:\/\/habonimcn.cn\/es\/#\/schema\/logo\/image\/"}}]}},"_links":{"self":[{"href":"https:\/\/habonimcn.cn\/es\/wp-json\/wp\/v2\/pages\/9328"}],"collection":[{"href":"https:\/\/habonimcn.cn\/es\/wp-json\/wp\/v2\/pages"}],"about":[{"href":"https:\/\/habonimcn.cn\/es\/wp-json\/wp\/v2\/types\/page"}],"author":[{"embeddable":true,"href":"https:\/\/habonimcn.cn\/es\/wp-json\/wp\/v2\/users\/2"}],"replies":[{"embeddable":true,"href":"https:\/\/habonimcn.cn\/es\/wp-json\/wp\/v2\/comments?post=9328"}],"version-history":[{"count":2,"href":"https:\/\/habonimcn.cn\/es\/wp-json\/wp\/v2\/pages\/9328\/revisions"}],"predecessor-version":[{"id":14665,"href":"https:\/\/habonimcn.cn\/es\/wp-json\/wp\/v2\/pages\/9328\/revisions\/14665"}],"wp:attachment":[{"href":"https:\/\/habonimcn.cn\/es\/wp-json\/wp\/v2\/media?parent=9328"}],"curies":[{"name":"wp","href":"https:\/\/api.w.org\/{rel}","templated":true}]}}