{"id":9426,"date":"2017-05-03T10:22:33","date_gmt":"2017-05-03T10:22:33","guid":{"rendered":"https:\/\/habonim.com\/stage\/empleos\/"},"modified":"2023-02-23T08:56:41","modified_gmt":"2023-02-23T08:56:41","slug":"empleos","status":"publish","type":"page","link":"https:\/\/habonimcn.cn\/es\/empleos\/","title":{"rendered":"Empleos"},"content":{"rendered":"<p style=\"text-align: left;\">Siempre hemos priorizado la contrataci\u00f3n de los mejores, los m\u00e1s brillantes y los talentos m\u00e1s reconocidos disponibles. A continuaci\u00f3n, echa un vistazo para ver nuestras ofertas de empleo actuales, o si no puedes ver el puesto que buscas, puedes enviarnos un mensaje con una copia de tu CV.<\/p>\n<p><a href=\"mailto:cv@habonim.com\">cv@habonim.com<\/a><\/p>\n<p>&nbsp;<\/p>\n","protected":false},"excerpt":{"rendered":"Siempre hemos priorizado la contrataci\u00f3n de los mejores, los m\u00e1s brillantes y los talentos m\u00e1s reconocidos disponibles. A continuaci\u00f3n, echa un vistazo para ver nuestras ofertas de empleo actuales, o si no puedes ver el puesto que buscas, puedes enviarnos un mensaje con una copia de tu CV. cv@habonim.com &nbsp;","protected":false},"author":2,"featured_media":0,"parent":0,"menu_order":0,"comment_status":"closed","ping_status":"closed","template":"pages\/career-page.php","meta":{"_acf_changed":false,"footnotes":""},"class_list":["post-9426","page","type-page","status-publish","hentry"],"acf":[],"yoast_head":"<!-- This site is optimized with the Yoast SEO plugin v23.4 - https:\/\/yoast.com\/wordpress\/plugins\/seo\/ -->\n<title>Empleos en Habonim - \u00a1Venga a trabajar con nosotros!<\/title>\n<meta name=\"description\" content=\"\u00a1Venga a trabajar con nosotros! Siempre hemos priorizado la contrataci\u00f3n de los mejores, los m\u00e1s brillantes y los talentos m\u00e1s reconocidos disponibles.\" \/>\n<meta name=\"robots\" content=\"index, follow, max-snippet:-1, max-image-preview:large, max-video-preview:-1\" \/>\n<link rel=\"canonical\" href=\"https:\/\/habonimcn.cn\/es\/empleos\/\" \/>\n<meta property=\"og:locale\" content=\"es_ES\" \/>\n<meta property=\"og:type\" content=\"article\" \/>\n<meta property=\"og:title\" content=\"Empleos en Habonim - \u00a1Venga a trabajar con nosotros!\" \/>\n<meta property=\"og:description\" content=\"\u00a1Venga a trabajar con nosotros! Siempre hemos priorizado la contrataci\u00f3n de los mejores, los m\u00e1s brillantes y los talentos m\u00e1s reconocidos disponibles.\" \/>\n<meta property=\"og:url\" content=\"https:\/\/habonimcn.cn\/es\/empleos\/\" \/>\n<meta property=\"og:site_name\" content=\"Habonim Valve Solutions\" \/>\n<meta property=\"article:modified_time\" content=\"2023-02-23T08:56:41+00:00\" \/>\n<meta name=\"twitter:card\" content=\"summary_large_image\" \/>\n<meta name=\"twitter:label1\" content=\"Tiempo de lectura\" \/>\n\t<meta name=\"twitter:data1\" content=\"7 minutos\" \/>\n<script type=\"application\/ld+json\" class=\"yoast-schema-graph\">{\"@context\":\"https:\/\/schema.org\",\"@graph\":[{\"@type\":\"WebPage\",\"@id\":\"https:\/\/habonimcn.cn\/es\/empleos\/\",\"url\":\"https:\/\/habonimcn.cn\/es\/empleos\/\",\"name\":\"Empleos en Habonim - \u00a1Venga a trabajar con nosotros!\",\"isPartOf\":{\"@id\":\"https:\/\/habonimcn.cn\/es\/#website\"},\"datePublished\":\"2017-05-03T10:22:33+00:00\",\"dateModified\":\"2023-02-23T08:56:41+00:00\",\"description\":\"\u00a1Venga a trabajar con nosotros! Siempre hemos priorizado la contrataci\u00f3n de los mejores, los m\u00e1s brillantes y los talentos m\u00e1s reconocidos disponibles.\",\"breadcrumb\":{\"@id\":\"https:\/\/habonimcn.cn\/es\/empleos\/#breadcrumb\"},\"inLanguage\":\"es\",\"potentialAction\":[{\"@type\":\"ReadAction\",\"target\":[\"https:\/\/habonimcn.cn\/es\/empleos\/\"]}]},{\"@type\":\"BreadcrumbList\",\"@id\":\"https:\/\/habonimcn.cn\/es\/empleos\/#breadcrumb\",\"itemListElement\":[{\"@type\":\"ListItem\",\"position\":1,\"name\":\"Home\",\"item\":\"https:\/\/habonimcn.cn\/es\/\"},{\"@type\":\"ListItem\",\"position\":2,\"name\":\"Empleos\"}]},{\"@type\":\"WebSite\",\"@id\":\"https:\/\/habonimcn.cn\/es\/#website\",\"url\":\"https:\/\/habonimcn.cn\/es\/\",\"name\":\"Habonim Valve Solutions\",\"description\":\"Habonim Valve Solutions\",\"publisher\":{\"@id\":\"https:\/\/habonimcn.cn\/es\/#organization\"},\"potentialAction\":[{\"@type\":\"SearchAction\",\"target\":{\"@type\":\"EntryPoint\",\"urlTemplate\":\"https:\/\/habonimcn.cn\/es\/?s={search_term_string}\"},\"query-input\":{\"@type\":\"PropertyValueSpecification\",\"valueRequired\":true,\"valueName\":\"search_term_string\"}}],\"inLanguage\":\"es\"},{\"@type\":\"Organization\",\"@id\":\"https:\/\/habonimcn.cn\/es\/#organization\",\"name\":\"Habonim\",\"url\":\"https:\/\/habonimcn.cn\/es\/\",\"logo\":{\"@type\":\"ImageObject\",\"inLanguage\":\"es\",\"@id\":\"https:\/\/habonimcn.cn\/es\/#\/schema\/logo\/image\/\",\"url\":\"\",\"contentUrl\":\"\",\"caption\":\"Habonim\"},\"image\":{\"@id\":\"https:\/\/habonimcn.cn\/es\/#\/schema\/logo\/image\/\"}}]}<\/script>\n<!-- \/ Yoast SEO plugin. -->","yoast_head_json":{"title":"Empleos en Habonim - \u00a1Venga a trabajar con nosotros!","description":"\u00a1Venga a trabajar con nosotros! Siempre hemos priorizado la contrataci\u00f3n de los mejores, los m\u00e1s brillantes y los talentos m\u00e1s reconocidos disponibles.","robots":{"index":"index","follow":"follow","max-snippet":"max-snippet:-1","max-image-preview":"max-image-preview:large","max-video-preview":"max-video-preview:-1"},"canonical":"https:\/\/habonimcn.cn\/es\/empleos\/","og_locale":"es_ES","og_type":"article","og_title":"Empleos en Habonim - \u00a1Venga a trabajar con nosotros!","og_description":"\u00a1Venga a trabajar con nosotros! Siempre hemos priorizado la contrataci\u00f3n de los mejores, los m\u00e1s brillantes y los talentos m\u00e1s reconocidos disponibles.","og_url":"https:\/\/habonimcn.cn\/es\/empleos\/","og_site_name":"Habonim Valve Solutions","article_modified_time":"2023-02-23T08:56:41+00:00","twitter_card":"summary_large_image","twitter_misc":{"Tiempo de lectura":"7 minutos"},"schema":{"@context":"https:\/\/schema.org","@graph":[{"@type":"WebPage","@id":"https:\/\/habonimcn.cn\/es\/empleos\/","url":"https:\/\/habonimcn.cn\/es\/empleos\/","name":"Empleos en Habonim - \u00a1Venga a trabajar con nosotros!","isPartOf":{"@id":"https:\/\/habonimcn.cn\/es\/#website"},"datePublished":"2017-05-03T10:22:33+00:00","dateModified":"2023-02-23T08:56:41+00:00","description":"\u00a1Venga a trabajar con nosotros! Siempre hemos priorizado la contrataci\u00f3n de los mejores, los m\u00e1s brillantes y los talentos m\u00e1s reconocidos disponibles.","breadcrumb":{"@id":"https:\/\/habonimcn.cn\/es\/empleos\/#breadcrumb"},"inLanguage":"es","potentialAction":[{"@type":"ReadAction","target":["https:\/\/habonimcn.cn\/es\/empleos\/"]}]},{"@type":"BreadcrumbList","@id":"https:\/\/habonimcn.cn\/es\/empleos\/#breadcrumb","itemListElement":[{"@type":"ListItem","position":1,"name":"Home","item":"https:\/\/habonimcn.cn\/es\/"},{"@type":"ListItem","position":2,"name":"Empleos"}]},{"@type":"WebSite","@id":"https:\/\/habonimcn.cn\/es\/#website","url":"https:\/\/habonimcn.cn\/es\/","name":"Habonim Valve Solutions","description":"Habonim Valve Solutions","publisher":{"@id":"https:\/\/habonimcn.cn\/es\/#organization"},"potentialAction":[{"@type":"SearchAction","target":{"@type":"EntryPoint","urlTemplate":"https:\/\/habonimcn.cn\/es\/?s={search_term_string}"},"query-input":{"@type":"PropertyValueSpecification","valueRequired":true,"valueName":"search_term_string"}}],"inLanguage":"es"},{"@type":"Organization","@id":"https:\/\/habonimcn.cn\/es\/#organization","name":"Habonim","url":"https:\/\/habonimcn.cn\/es\/","logo":{"@type":"ImageObject","inLanguage":"es","@id":"https:\/\/habonimcn.cn\/es\/#\/schema\/logo\/image\/","url":"","contentUrl":"","caption":"Habonim"},"image":{"@id":"https:\/\/habonimcn.cn\/es\/#\/schema\/logo\/image\/"}}]}},"_links":{"self":[{"href":"https:\/\/habonimcn.cn\/es\/wp-json\/wp\/v2\/pages\/9426"}],"collection":[{"href":"https:\/\/habonimcn.cn\/es\/wp-json\/wp\/v2\/pages"}],"about":[{"href":"https:\/\/habonimcn.cn\/es\/wp-json\/wp\/v2\/types\/page"}],"author":[{"embeddable":true,"href":"https:\/\/habonimcn.cn\/es\/wp-json\/wp\/v2\/users\/2"}],"replies":[{"embeddable":true,"href":"https:\/\/habonimcn.cn\/es\/wp-json\/wp\/v2\/comments?post=9426"}],"version-history":[{"count":2,"href":"https:\/\/habonimcn.cn\/es\/wp-json\/wp\/v2\/pages\/9426\/revisions"}],"predecessor-version":[{"id":10403,"href":"https:\/\/habonimcn.cn\/es\/wp-json\/wp\/v2\/pages\/9426\/revisions\/10403"}],"wp:attachment":[{"href":"https:\/\/habonimcn.cn\/es\/wp-json\/wp\/v2\/media?parent=9426"}],"curies":[{"name":"wp","href":"https:\/\/api.w.org\/{rel}","templated":true}]}}