{"id":9432,"date":"2017-04-04T11:50:42","date_gmt":"2017-04-04T11:50:42","guid":{"rendered":"https:\/\/habonim.com\/stage\/nuestra-vision\/"},"modified":"2024-05-06T15:26:38","modified_gmt":"2024-05-06T15:26:38","slug":"nuestra-vision","status":"publish","type":"page","link":"https:\/\/habonimcn.cn\/es\/nuestra-vision\/","title":{"rendered":"Nuestra visi\u00f3n"},"content":{"rendered":"<p>Habonim est\u00e1 profundamente comprometido con los siguientes valores fundamentales impl\u00edcitos en la visi\u00f3n de nuestra empresa:<\/p>\n<p>&nbsp;<\/p>\n<h2><strong>Enfoque en el cliente<\/strong><\/h2>\n<p>Nuestra m\u00e1xima prioridad como empresa es poner al cliente como foco de nuestra atenci\u00f3n. Nuestros productos se entregan con garant\u00edas extendidas y estamos comprometidos con su correcto funcionamiento.<\/p>\n<p>Nuestra empresa se fundamenta sistem\u00e1ticamente en el suministro de productos que aporten valor al cliente, cumpliendo con los m\u00e1s altos est\u00e1ndares de calidad y respetando los plazos de entrega m\u00e1s exigentes.<\/p>\n<p>Tambi\u00e9n llevamos las capacidades de la empresa al l\u00edmite y adaptamos nuestros productos a los requerimientos \u00fanicos del cliente.<\/p>\n<p>&nbsp;<\/p>\n<h2><strong>Iniciativa personal<\/strong><\/h2>\n<p>Creemos que la iniciativa personal hace crecer y mejorar la organizaci\u00f3n. Por definici\u00f3n, iniciativa significa pensar de forma creativa y asumir la responsabilidad de hacer avanzar una idea hacia su implementaci\u00f3n, a pesar de los obst\u00e1culos internos y externos.<\/p>\n<p>&nbsp;<\/p>\n<h2><strong>Excelencia y mejora continua<\/strong><\/h2>\n<p>La raz\u00f3n principal por la que los clientes de todo el mundo compran los productos de Habonim es nuestra excelencia en par\u00e1metros que son importantes para ellos. Por lo tanto, aspiramos a realizar cada tarea de la mejor manera posible, mientras seguimos continuamente aprendiendo y mejorando la infraestructura y los procesos dentro de un entorno cambiante y limitado.<\/p>\n<p>&nbsp;<\/p>\n<h2><strong>Compromiso<\/strong><\/h2>\n<p>La direcci\u00f3n de Habonim se fija un umbral alto: nos exigimos y esperamos que cada uno de nuestros empleados d\u00e9 de s\u00ed mismo m\u00e1s all\u00e1 de la descripci\u00f3n est\u00e1ndar del puesto de trabajo y act\u00fae bas\u00e1ndose en una visi\u00f3n global de la organizaci\u00f3n.<\/p>\n<p>&nbsp;<\/p>\n<h2><strong>Calidad<\/strong><\/h2>\n<p>Nos esforzamos por lograr una completa correspondencia entre los requisitos del cliente y nuestra respuesta. Entendemos que nuestros clientes utilizan nuestros productos en procesos cr\u00edticos y aspiramos a ser su proveedor preferido.<\/p>\n<p>&nbsp;<\/p>\n<h2><strong>Cooperaci\u00f3n<\/strong><\/h2>\n<p>Cada d\u00eda nos enfrentamos a un nuevo reto. Cada proyecto o compromiso especial con un cliente requiere de cooperaci\u00f3n interna en informaci\u00f3n, conocimiento y recursos. Creemos que la voluntad de ayudar, una actitud respetuosa y una comunicaci\u00f3n directa entre el personal de la empresa, crea un compromiso mutuo y construye un equipo ganador.<\/p>\n<p>&nbsp;<\/p>\n<h2><strong>Profesionalismo<\/strong><\/h2>\n<p>La base del profesionalismo en Habonim es la capacidad de hablar el idioma del cliente en diferentes sectores, aplicaciones y dominios de contenido. Adem\u00e1s, esperamos que cada uno de nuestros colaboradores aporte un valor agregado y sea un centro de conocimiento en su \u00e1rea profesional.<\/p>\n","protected":false},"excerpt":{"rendered":"Habonim est\u00e1 profundamente comprometido con los siguientes valores fundamentales impl\u00edcitos en la visi\u00f3n de nuestra empresa: &nbsp; Enfoque en el cliente Nuestra m\u00e1xima prioridad como empresa es poner al cliente como foco de nuestra atenci\u00f3n. Nuestros productos se entregan con garant\u00edas extendidas y estamos comprometidos con su correcto funcionamiento. Nuestra empresa se fundamenta sistem\u00e1ticamente en&#8230; <a class=\"view-article\" href=\"https:\/\/habonimcn.cn\/es\/nuestra-vision\/\">Ver art\u00edculo<\/a>","protected":false},"author":1,"featured_media":12881,"parent":0,"menu_order":0,"comment_status":"closed","ping_status":"closed","template":"pages\/safeguarding-page.php","meta":{"_acf_changed":false,"footnotes":""},"class_list":["post-9432","page","type-page","status-publish","has-post-thumbnail","hentry"],"acf":[],"yoast_head":"<!-- This site is optimized with the Yoast SEO plugin v23.4 - https:\/\/yoast.com\/wordpress\/plugins\/seo\/ -->\n<title>Nuestra Visi\u00f3n | Habonim Valves<\/title>\n<meta name=\"description\" content=\"Habonim est\u00e1 profundamente comprometido con valores fundamentales, enfoque en el cliente, iniciativa personal, mejora continua y otros.\" \/>\n<meta name=\"robots\" content=\"index, follow, max-snippet:-1, max-image-preview:large, max-video-preview:-1\" \/>\n<link rel=\"canonical\" href=\"https:\/\/habonimcn.cn\/es\/nuestra-vision\/\" \/>\n<meta property=\"og:locale\" content=\"es_ES\" \/>\n<meta property=\"og:type\" content=\"article\" \/>\n<meta property=\"og:title\" content=\"Nuestra Visi\u00f3n | Habonim Valves\" \/>\n<meta property=\"og:description\" content=\"Habonim est\u00e1 profundamente comprometido con valores fundamentales, enfoque en el cliente, iniciativa personal, mejora continua y otros.\" \/>\n<meta property=\"og:url\" content=\"https:\/\/habonimcn.cn\/es\/nuestra-vision\/\" \/>\n<meta property=\"og:site_name\" content=\"Habonim Valve Solutions\" \/>\n<meta property=\"article:modified_time\" content=\"2024-05-06T15:26:38+00:00\" \/>\n<meta property=\"og:image\" content=\"https:\/\/habonimcn.cn\/wp-content\/uploads\/2017\/04\/05.jpg\" \/>\n\t<meta property=\"og:image:width\" content=\"523\" \/>\n\t<meta property=\"og:image:height\" content=\"804\" \/>\n\t<meta property=\"og:image:type\" content=\"image\/jpeg\" \/>\n<meta name=\"twitter:card\" content=\"summary_large_image\" \/>\n<meta name=\"twitter:label1\" content=\"Tiempo de lectura\" \/>\n\t<meta name=\"twitter:data1\" content=\"2 minutos\" \/>\n<script type=\"application\/ld+json\" class=\"yoast-schema-graph\">{\"@context\":\"https:\/\/schema.org\",\"@graph\":[{\"@type\":\"WebPage\",\"@id\":\"https:\/\/habonimcn.cn\/es\/nuestra-vision\/\",\"url\":\"https:\/\/habonimcn.cn\/es\/nuestra-vision\/\",\"name\":\"Nuestra Visi\u00f3n | Habonim Valves\",\"isPartOf\":{\"@id\":\"https:\/\/habonimcn.cn\/es\/#website\"},\"primaryImageOfPage\":{\"@id\":\"https:\/\/habonimcn.cn\/es\/nuestra-vision\/#primaryimage\"},\"image\":{\"@id\":\"https:\/\/habonimcn.cn\/es\/nuestra-vision\/#primaryimage\"},\"thumbnailUrl\":\"https:\/\/habonimcn.cn\/wp-content\/uploads\/2017\/04\/05.jpg\",\"datePublished\":\"2017-04-04T11:50:42+00:00\",\"dateModified\":\"2024-05-06T15:26:38+00:00\",\"description\":\"Habonim est\u00e1 profundamente comprometido con valores fundamentales, enfoque en el cliente, iniciativa personal, mejora continua y otros.\",\"breadcrumb\":{\"@id\":\"https:\/\/habonimcn.cn\/es\/nuestra-vision\/#breadcrumb\"},\"inLanguage\":\"es\",\"potentialAction\":[{\"@type\":\"ReadAction\",\"target\":[\"https:\/\/habonimcn.cn\/es\/nuestra-vision\/\"]}]},{\"@type\":\"ImageObject\",\"inLanguage\":\"es\",\"@id\":\"https:\/\/habonimcn.cn\/es\/nuestra-vision\/#primaryimage\",\"url\":\"https:\/\/habonimcn.cn\/wp-content\/uploads\/2017\/04\/05.jpg\",\"contentUrl\":\"https:\/\/habonimcn.cn\/wp-content\/uploads\/2017\/04\/05.jpg\",\"width\":523,\"height\":804},{\"@type\":\"BreadcrumbList\",\"@id\":\"https:\/\/habonimcn.cn\/es\/nuestra-vision\/#breadcrumb\",\"itemListElement\":[{\"@type\":\"ListItem\",\"position\":1,\"name\":\"Home\",\"item\":\"https:\/\/habonimcn.cn\/es\/\"},{\"@type\":\"ListItem\",\"position\":2,\"name\":\"Nuestra visi\u00f3n\"}]},{\"@type\":\"WebSite\",\"@id\":\"https:\/\/habonimcn.cn\/es\/#website\",\"url\":\"https:\/\/habonimcn.cn\/es\/\",\"name\":\"Habonim Valve Solutions\",\"description\":\"Habonim Valve Solutions\",\"publisher\":{\"@id\":\"https:\/\/habonimcn.cn\/es\/#organization\"},\"potentialAction\":[{\"@type\":\"SearchAction\",\"target\":{\"@type\":\"EntryPoint\",\"urlTemplate\":\"https:\/\/habonimcn.cn\/es\/?s={search_term_string}\"},\"query-input\":{\"@type\":\"PropertyValueSpecification\",\"valueRequired\":true,\"valueName\":\"search_term_string\"}}],\"inLanguage\":\"es\"},{\"@type\":\"Organization\",\"@id\":\"https:\/\/habonimcn.cn\/es\/#organization\",\"name\":\"Habonim\",\"url\":\"https:\/\/habonimcn.cn\/es\/\",\"logo\":{\"@type\":\"ImageObject\",\"inLanguage\":\"es\",\"@id\":\"https:\/\/habonimcn.cn\/es\/#\/schema\/logo\/image\/\",\"url\":\"\",\"contentUrl\":\"\",\"caption\":\"Habonim\"},\"image\":{\"@id\":\"https:\/\/habonimcn.cn\/es\/#\/schema\/logo\/image\/\"}}]}<\/script>\n<!-- \/ Yoast SEO plugin. -->","yoast_head_json":{"title":"Nuestra Visi\u00f3n | Habonim Valves","description":"Habonim est\u00e1 profundamente comprometido con valores fundamentales, enfoque en el cliente, iniciativa personal, mejora continua y otros.","robots":{"index":"index","follow":"follow","max-snippet":"max-snippet:-1","max-image-preview":"max-image-preview:large","max-video-preview":"max-video-preview:-1"},"canonical":"https:\/\/habonimcn.cn\/es\/nuestra-vision\/","og_locale":"es_ES","og_type":"article","og_title":"Nuestra Visi\u00f3n | Habonim Valves","og_description":"Habonim est\u00e1 profundamente comprometido con valores fundamentales, enfoque en el cliente, iniciativa personal, mejora continua y otros.","og_url":"https:\/\/habonimcn.cn\/es\/nuestra-vision\/","og_site_name":"Habonim Valve Solutions","article_modified_time":"2024-05-06T15:26:38+00:00","og_image":[{"width":523,"height":804,"url":"https:\/\/habonimcn.cn\/wp-content\/uploads\/2017\/04\/05.jpg","type":"image\/jpeg"}],"twitter_card":"summary_large_image","twitter_misc":{"Tiempo de lectura":"2 minutos"},"schema":{"@context":"https:\/\/schema.org","@graph":[{"@type":"WebPage","@id":"https:\/\/habonimcn.cn\/es\/nuestra-vision\/","url":"https:\/\/habonimcn.cn\/es\/nuestra-vision\/","name":"Nuestra Visi\u00f3n | Habonim Valves","isPartOf":{"@id":"https:\/\/habonimcn.cn\/es\/#website"},"primaryImageOfPage":{"@id":"https:\/\/habonimcn.cn\/es\/nuestra-vision\/#primaryimage"},"image":{"@id":"https:\/\/habonimcn.cn\/es\/nuestra-vision\/#primaryimage"},"thumbnailUrl":"https:\/\/habonimcn.cn\/wp-content\/uploads\/2017\/04\/05.jpg","datePublished":"2017-04-04T11:50:42+00:00","dateModified":"2024-05-06T15:26:38+00:00","description":"Habonim est\u00e1 profundamente comprometido con valores fundamentales, enfoque en el cliente, iniciativa personal, mejora continua y otros.","breadcrumb":{"@id":"https:\/\/habonimcn.cn\/es\/nuestra-vision\/#breadcrumb"},"inLanguage":"es","potentialAction":[{"@type":"ReadAction","target":["https:\/\/habonimcn.cn\/es\/nuestra-vision\/"]}]},{"@type":"ImageObject","inLanguage":"es","@id":"https:\/\/habonimcn.cn\/es\/nuestra-vision\/#primaryimage","url":"https:\/\/habonimcn.cn\/wp-content\/uploads\/2017\/04\/05.jpg","contentUrl":"https:\/\/habonimcn.cn\/wp-content\/uploads\/2017\/04\/05.jpg","width":523,"height":804},{"@type":"BreadcrumbList","@id":"https:\/\/habonimcn.cn\/es\/nuestra-vision\/#breadcrumb","itemListElement":[{"@type":"ListItem","position":1,"name":"Home","item":"https:\/\/habonimcn.cn\/es\/"},{"@type":"ListItem","position":2,"name":"Nuestra visi\u00f3n"}]},{"@type":"WebSite","@id":"https:\/\/habonimcn.cn\/es\/#website","url":"https:\/\/habonimcn.cn\/es\/","name":"Habonim Valve Solutions","description":"Habonim Valve Solutions","publisher":{"@id":"https:\/\/habonimcn.cn\/es\/#organization"},"potentialAction":[{"@type":"SearchAction","target":{"@type":"EntryPoint","urlTemplate":"https:\/\/habonimcn.cn\/es\/?s={search_term_string}"},"query-input":{"@type":"PropertyValueSpecification","valueRequired":true,"valueName":"search_term_string"}}],"inLanguage":"es"},{"@type":"Organization","@id":"https:\/\/habonimcn.cn\/es\/#organization","name":"Habonim","url":"https:\/\/habonimcn.cn\/es\/","logo":{"@type":"ImageObject","inLanguage":"es","@id":"https:\/\/habonimcn.cn\/es\/#\/schema\/logo\/image\/","url":"","contentUrl":"","caption":"Habonim"},"image":{"@id":"https:\/\/habonimcn.cn\/es\/#\/schema\/logo\/image\/"}}]}},"_links":{"self":[{"href":"https:\/\/habonimcn.cn\/es\/wp-json\/wp\/v2\/pages\/9432"}],"collection":[{"href":"https:\/\/habonimcn.cn\/es\/wp-json\/wp\/v2\/pages"}],"about":[{"href":"https:\/\/habonimcn.cn\/es\/wp-json\/wp\/v2\/types\/page"}],"author":[{"embeddable":true,"href":"https:\/\/habonimcn.cn\/es\/wp-json\/wp\/v2\/users\/1"}],"replies":[{"embeddable":true,"href":"https:\/\/habonimcn.cn\/es\/wp-json\/wp\/v2\/comments?post=9432"}],"version-history":[{"count":4,"href":"https:\/\/habonimcn.cn\/es\/wp-json\/wp\/v2\/pages\/9432\/revisions"}],"predecessor-version":[{"id":12880,"href":"https:\/\/habonimcn.cn\/es\/wp-json\/wp\/v2\/pages\/9432\/revisions\/12880"}],"wp:featuredmedia":[{"embeddable":true,"href":"https:\/\/habonimcn.cn\/es\/wp-json\/wp\/v2\/media\/12881"}],"wp:attachment":[{"href":"https:\/\/habonimcn.cn\/es\/wp-json\/wp\/v2\/media?parent=9432"}],"curies":[{"name":"wp","href":"https:\/\/api.w.org\/{rel}","templated":true}]}}