{"id":9434,"date":"2017-04-03T12:41:30","date_gmt":"2017-04-03T12:41:30","guid":{"rendered":"https:\/\/habonim.com\/stage\/proteccion-de-la-salud-el-bienestar-y-la-seguridad\/"},"modified":"2023-11-28T08:18:03","modified_gmt":"2023-11-28T08:18:03","slug":"proteccion-de-la-salud-el-bienestar-y-la-seguridad","status":"publish","type":"page","link":"https:\/\/habonimcn.cn\/es\/proteccion-de-la-salud-el-bienestar-y-la-seguridad\/","title":{"rendered":"Protecci\u00f3n de la salud, el bienestar y la seguridad"},"content":{"rendered":"<div class=\"item first\">\n<div class=\"item-img\">\n<p><strong>Todos los productos Habonim se dise\u00f1an y fabrican con la protecci\u00f3n de la instalaci\u00f3n y la prevenci\u00f3n de accidentes como nuestros objetivos #1.<\/strong><\/p>\n<p><strong>Nos comprometemos a dise\u00f1ar y fabricar productos de forma que salvaguarden la salud, el bienestar y la seguridad de nuestros empleados, socios de la cadena de suministro, clientes, el p\u00fablico en general y el medio ambiente. <\/strong><\/p>\n<p><strong>En todos los niveles de la empresa, tratamos la seguridad con la m\u00e1xima prioridad, esforz\u00e1ndonos constantemente por eliminar las causas de los incidentes industriales en nuestra b\u00fasqueda de un lugar de trabajo sano y seguro. <\/strong><\/p>\n<p>&nbsp;<\/p>\n<h2><strong>Compromiso<\/strong><\/h2>\n<p>Como proveedor especializado de la industria de procesos en los sectores qu\u00edmico, petroqu\u00edmica, de petr\u00f3leo y gas y farmac\u00e9utico, Habonim se compromete plenamente a ofrecer soluciones vanguardistas y l\u00edderes en el sector para minimizar el impacto medioambiental y garantizar el mayor nivel posible de seguridad a los empleados de nuestros clientes y a las personas que viven junto a sus instalaciones.<\/p>\n<p>&nbsp;<\/p>\n<h2><strong>Responsabilidad medioambiental<\/strong><\/h2>\n<p>Habonim se ha comprometido a liderar el sector en la eliminaci\u00f3n de las emisiones fugitivas de sus productos.<\/p>\n<p>En virtud de este compromiso, Habonim fue la primera empresa productora de v\u00e1lvulas en cumplir y certificar sus productos conforme a las normas medioambientales m\u00e1s recientes y avanzadas, por ejemplo, ISO-15848-1, API641.<\/p>\n<p>Adem\u00e1s, como muestra de su compromiso con el medioambiente, Habonim ofrece sus soluciones certificadas a esta industria como est\u00e1ndar de producto.<\/p>\n<p>Habonim desarroll\u00f3 una soluci\u00f3n innovadora que cumple con los estrictos est\u00e1ndares medioambientales en todas sus configuraciones de v\u00e1lvulas, incluidas sus v\u00e1lvulas Fire Safe, que cumplen con las normas API 641, ISO684-1 y API607, todas en la misma v\u00e1lvula.<\/p>\n<p>&nbsp;<\/p>\n<h2><strong>Seguridad<\/strong><\/h2>\n<p>Habonim aborda la seguridad de sus productos a trav\u00e9s de un enfoque hol\u00edstico:<\/p>\n<p>Dise\u00f1o de productos: cumpliendo y superando los est\u00e1ndares industriales de los productos, por ejemplo, v\u00e1lvulas Fire Safe, productos que cumplen la normativa ATEX, obteniendo la clasificacion SIL por encima y m\u00e1s all\u00e1 de las normas industriales para sus productos.<\/p>\n<p>&nbsp;<\/p>\n<h2><strong>Enfoque operativo.<\/strong><\/h2>\n<ul>\n<li>Suministro 100% de v\u00e1lvulas antiest\u00e1ticas para todas las industrias, garantizando que ninguna v\u00e1lvula pueda pedirse o suministrarse sin esta caracter\u00edstica cr\u00edtica para entornos a prueba de explosiones.<\/li>\n<li>Pruebas de los productos al 100% en cuerpo, l\u00ednea y funcionamiento.<\/li>\n<li>Equipos e instalaciones de prueba de \u00faltima generaci\u00f3n que permiten a Habonim probar cualquier producto bajo cualquier condici\u00f3n de prueba concebible (presi\u00f3n, temperatura, flujo, funcional, etc.), y seg\u00fan las normas de homologaci\u00f3n, incluidos los m\u00e9todos de aprobaci\u00f3n marina y aeroespacial m\u00e1s estrictos del mundo.<\/li>\n<\/ul>\n<\/div>\n<\/div>\n","protected":false},"excerpt":{"rendered":"Todos los productos Habonim se dise\u00f1an y fabrican con la protecci\u00f3n de la instalaci\u00f3n y la prevenci\u00f3n de accidentes como nuestros objetivos #1. Nos comprometemos a dise\u00f1ar y fabricar productos de forma que salvaguarden la salud, el bienestar y la seguridad de nuestros empleados, socios de la cadena de suministro, clientes, el p\u00fablico en general&#8230; <a class=\"view-article\" href=\"https:\/\/habonimcn.cn\/es\/proteccion-de-la-salud-el-bienestar-y-la-seguridad\/\">Ver art\u00edculo<\/a>","protected":false},"author":1,"featured_media":13204,"parent":0,"menu_order":0,"comment_status":"closed","ping_status":"closed","template":"pages\/safeguarding-page.php","meta":{"_acf_changed":false,"footnotes":""},"class_list":["post-9434","page","type-page","status-publish","has-post-thumbnail","hentry"],"acf":[],"yoast_head":"<!-- This site is optimized with the Yoast SEO plugin v23.4 - https:\/\/yoast.com\/wordpress\/plugins\/seo\/ -->\n<title>Protecci\u00f3n de la Salud El Bienestar Y la Seguridad - Habonim<\/title>\n<meta name=\"description\" content=\"Todos los productos Habonim se dise\u00f1an y fabrican con la protecci\u00f3n del sitio y la prevenci\u00f3n de accidentes como nuestro objetivo n.\u00b0 1.\" \/>\n<meta name=\"robots\" content=\"index, follow, max-snippet:-1, max-image-preview:large, max-video-preview:-1\" \/>\n<link rel=\"canonical\" href=\"https:\/\/habonimcn.cn\/es\/proteccion-de-la-salud-el-bienestar-y-la-seguridad\/\" \/>\n<meta property=\"og:locale\" content=\"es_ES\" \/>\n<meta property=\"og:type\" content=\"article\" \/>\n<meta property=\"og:title\" content=\"Protecci\u00f3n de la Salud El Bienestar Y la Seguridad - Habonim\" \/>\n<meta property=\"og:description\" content=\"Todos los productos Habonim se dise\u00f1an y fabrican con la protecci\u00f3n del sitio y la prevenci\u00f3n de accidentes como nuestro objetivo n.\u00b0 1.\" \/>\n<meta property=\"og:url\" content=\"https:\/\/habonimcn.cn\/es\/proteccion-de-la-salud-el-bienestar-y-la-seguridad\/\" \/>\n<meta property=\"og:site_name\" content=\"Habonim Valve Solutions\" \/>\n<meta property=\"article:modified_time\" content=\"2023-11-28T08:18:03+00:00\" \/>\n<meta property=\"og:image\" content=\"https:\/\/habonimcn.cn\/wp-content\/uploads\/2017\/04\/07.jpg\" \/>\n\t<meta property=\"og:image:width\" content=\"652\" \/>\n\t<meta property=\"og:image:height\" content=\"640\" \/>\n\t<meta property=\"og:image:type\" content=\"image\/jpeg\" \/>\n<meta name=\"twitter:card\" content=\"summary_large_image\" \/>\n<meta name=\"twitter:label1\" content=\"Tiempo de lectura\" \/>\n\t<meta name=\"twitter:data1\" content=\"2 minutos\" \/>\n<script type=\"application\/ld+json\" class=\"yoast-schema-graph\">{\"@context\":\"https:\/\/schema.org\",\"@graph\":[{\"@type\":\"WebPage\",\"@id\":\"https:\/\/habonimcn.cn\/es\/proteccion-de-la-salud-el-bienestar-y-la-seguridad\/\",\"url\":\"https:\/\/habonimcn.cn\/es\/proteccion-de-la-salud-el-bienestar-y-la-seguridad\/\",\"name\":\"Protecci\u00f3n de la Salud El Bienestar Y la Seguridad - Habonim\",\"isPartOf\":{\"@id\":\"https:\/\/habonimcn.cn\/es\/#website\"},\"primaryImageOfPage\":{\"@id\":\"https:\/\/habonimcn.cn\/es\/proteccion-de-la-salud-el-bienestar-y-la-seguridad\/#primaryimage\"},\"image\":{\"@id\":\"https:\/\/habonimcn.cn\/es\/proteccion-de-la-salud-el-bienestar-y-la-seguridad\/#primaryimage\"},\"thumbnailUrl\":\"https:\/\/habonimcn.cn\/wp-content\/uploads\/2017\/04\/07.jpg\",\"datePublished\":\"2017-04-03T12:41:30+00:00\",\"dateModified\":\"2023-11-28T08:18:03+00:00\",\"description\":\"Todos los productos Habonim se dise\u00f1an y fabrican con la protecci\u00f3n del sitio y la prevenci\u00f3n de accidentes como nuestro objetivo n.\u00b0 1.\",\"breadcrumb\":{\"@id\":\"https:\/\/habonimcn.cn\/es\/proteccion-de-la-salud-el-bienestar-y-la-seguridad\/#breadcrumb\"},\"inLanguage\":\"es\",\"potentialAction\":[{\"@type\":\"ReadAction\",\"target\":[\"https:\/\/habonimcn.cn\/es\/proteccion-de-la-salud-el-bienestar-y-la-seguridad\/\"]}]},{\"@type\":\"ImageObject\",\"inLanguage\":\"es\",\"@id\":\"https:\/\/habonimcn.cn\/es\/proteccion-de-la-salud-el-bienestar-y-la-seguridad\/#primaryimage\",\"url\":\"https:\/\/habonimcn.cn\/wp-content\/uploads\/2017\/04\/07.jpg\",\"contentUrl\":\"https:\/\/habonimcn.cn\/wp-content\/uploads\/2017\/04\/07.jpg\",\"width\":652,\"height\":640},{\"@type\":\"BreadcrumbList\",\"@id\":\"https:\/\/habonimcn.cn\/es\/proteccion-de-la-salud-el-bienestar-y-la-seguridad\/#breadcrumb\",\"itemListElement\":[{\"@type\":\"ListItem\",\"position\":1,\"name\":\"Home\",\"item\":\"https:\/\/habonimcn.cn\/es\/\"},{\"@type\":\"ListItem\",\"position\":2,\"name\":\"Protecci\u00f3n de la salud, el bienestar y la seguridad\"}]},{\"@type\":\"WebSite\",\"@id\":\"https:\/\/habonimcn.cn\/es\/#website\",\"url\":\"https:\/\/habonimcn.cn\/es\/\",\"name\":\"Habonim Valve Solutions\",\"description\":\"Habonim Valve Solutions\",\"publisher\":{\"@id\":\"https:\/\/habonimcn.cn\/es\/#organization\"},\"potentialAction\":[{\"@type\":\"SearchAction\",\"target\":{\"@type\":\"EntryPoint\",\"urlTemplate\":\"https:\/\/habonimcn.cn\/es\/?s={search_term_string}\"},\"query-input\":{\"@type\":\"PropertyValueSpecification\",\"valueRequired\":true,\"valueName\":\"search_term_string\"}}],\"inLanguage\":\"es\"},{\"@type\":\"Organization\",\"@id\":\"https:\/\/habonimcn.cn\/es\/#organization\",\"name\":\"Habonim\",\"url\":\"https:\/\/habonimcn.cn\/es\/\",\"logo\":{\"@type\":\"ImageObject\",\"inLanguage\":\"es\",\"@id\":\"https:\/\/habonimcn.cn\/es\/#\/schema\/logo\/image\/\",\"url\":\"\",\"contentUrl\":\"\",\"caption\":\"Habonim\"},\"image\":{\"@id\":\"https:\/\/habonimcn.cn\/es\/#\/schema\/logo\/image\/\"}}]}<\/script>\n<!-- \/ Yoast SEO plugin. -->","yoast_head_json":{"title":"Protecci\u00f3n de la Salud El Bienestar Y la Seguridad - Habonim","description":"Todos los productos Habonim se dise\u00f1an y fabrican con la protecci\u00f3n del sitio y la prevenci\u00f3n de accidentes como nuestro objetivo n.\u00b0 1.","robots":{"index":"index","follow":"follow","max-snippet":"max-snippet:-1","max-image-preview":"max-image-preview:large","max-video-preview":"max-video-preview:-1"},"canonical":"https:\/\/habonimcn.cn\/es\/proteccion-de-la-salud-el-bienestar-y-la-seguridad\/","og_locale":"es_ES","og_type":"article","og_title":"Protecci\u00f3n de la Salud El Bienestar Y la Seguridad - Habonim","og_description":"Todos los productos Habonim se dise\u00f1an y fabrican con la protecci\u00f3n del sitio y la prevenci\u00f3n de accidentes como nuestro objetivo n.\u00b0 1.","og_url":"https:\/\/habonimcn.cn\/es\/proteccion-de-la-salud-el-bienestar-y-la-seguridad\/","og_site_name":"Habonim Valve Solutions","article_modified_time":"2023-11-28T08:18:03+00:00","og_image":[{"width":652,"height":640,"url":"https:\/\/habonimcn.cn\/wp-content\/uploads\/2017\/04\/07.jpg","type":"image\/jpeg"}],"twitter_card":"summary_large_image","twitter_misc":{"Tiempo de lectura":"2 minutos"},"schema":{"@context":"https:\/\/schema.org","@graph":[{"@type":"WebPage","@id":"https:\/\/habonimcn.cn\/es\/proteccion-de-la-salud-el-bienestar-y-la-seguridad\/","url":"https:\/\/habonimcn.cn\/es\/proteccion-de-la-salud-el-bienestar-y-la-seguridad\/","name":"Protecci\u00f3n de la Salud El Bienestar Y la Seguridad - Habonim","isPartOf":{"@id":"https:\/\/habonimcn.cn\/es\/#website"},"primaryImageOfPage":{"@id":"https:\/\/habonimcn.cn\/es\/proteccion-de-la-salud-el-bienestar-y-la-seguridad\/#primaryimage"},"image":{"@id":"https:\/\/habonimcn.cn\/es\/proteccion-de-la-salud-el-bienestar-y-la-seguridad\/#primaryimage"},"thumbnailUrl":"https:\/\/habonimcn.cn\/wp-content\/uploads\/2017\/04\/07.jpg","datePublished":"2017-04-03T12:41:30+00:00","dateModified":"2023-11-28T08:18:03+00:00","description":"Todos los productos Habonim se dise\u00f1an y fabrican con la protecci\u00f3n del sitio y la prevenci\u00f3n de accidentes como nuestro objetivo n.\u00b0 1.","breadcrumb":{"@id":"https:\/\/habonimcn.cn\/es\/proteccion-de-la-salud-el-bienestar-y-la-seguridad\/#breadcrumb"},"inLanguage":"es","potentialAction":[{"@type":"ReadAction","target":["https:\/\/habonimcn.cn\/es\/proteccion-de-la-salud-el-bienestar-y-la-seguridad\/"]}]},{"@type":"ImageObject","inLanguage":"es","@id":"https:\/\/habonimcn.cn\/es\/proteccion-de-la-salud-el-bienestar-y-la-seguridad\/#primaryimage","url":"https:\/\/habonimcn.cn\/wp-content\/uploads\/2017\/04\/07.jpg","contentUrl":"https:\/\/habonimcn.cn\/wp-content\/uploads\/2017\/04\/07.jpg","width":652,"height":640},{"@type":"BreadcrumbList","@id":"https:\/\/habonimcn.cn\/es\/proteccion-de-la-salud-el-bienestar-y-la-seguridad\/#breadcrumb","itemListElement":[{"@type":"ListItem","position":1,"name":"Home","item":"https:\/\/habonimcn.cn\/es\/"},{"@type":"ListItem","position":2,"name":"Protecci\u00f3n de la salud, el bienestar y la seguridad"}]},{"@type":"WebSite","@id":"https:\/\/habonimcn.cn\/es\/#website","url":"https:\/\/habonimcn.cn\/es\/","name":"Habonim Valve Solutions","description":"Habonim Valve Solutions","publisher":{"@id":"https:\/\/habonimcn.cn\/es\/#organization"},"potentialAction":[{"@type":"SearchAction","target":{"@type":"EntryPoint","urlTemplate":"https:\/\/habonimcn.cn\/es\/?s={search_term_string}"},"query-input":{"@type":"PropertyValueSpecification","valueRequired":true,"valueName":"search_term_string"}}],"inLanguage":"es"},{"@type":"Organization","@id":"https:\/\/habonimcn.cn\/es\/#organization","name":"Habonim","url":"https:\/\/habonimcn.cn\/es\/","logo":{"@type":"ImageObject","inLanguage":"es","@id":"https:\/\/habonimcn.cn\/es\/#\/schema\/logo\/image\/","url":"","contentUrl":"","caption":"Habonim"},"image":{"@id":"https:\/\/habonimcn.cn\/es\/#\/schema\/logo\/image\/"}}]}},"_links":{"self":[{"href":"https:\/\/habonimcn.cn\/es\/wp-json\/wp\/v2\/pages\/9434"}],"collection":[{"href":"https:\/\/habonimcn.cn\/es\/wp-json\/wp\/v2\/pages"}],"about":[{"href":"https:\/\/habonimcn.cn\/es\/wp-json\/wp\/v2\/types\/page"}],"author":[{"embeddable":true,"href":"https:\/\/habonimcn.cn\/es\/wp-json\/wp\/v2\/users\/1"}],"replies":[{"embeddable":true,"href":"https:\/\/habonimcn.cn\/es\/wp-json\/wp\/v2\/comments?post=9434"}],"version-history":[{"count":7,"href":"https:\/\/habonimcn.cn\/es\/wp-json\/wp\/v2\/pages\/9434\/revisions"}],"predecessor-version":[{"id":13203,"href":"https:\/\/habonimcn.cn\/es\/wp-json\/wp\/v2\/pages\/9434\/revisions\/13203"}],"wp:featuredmedia":[{"embeddable":true,"href":"https:\/\/habonimcn.cn\/es\/wp-json\/wp\/v2\/media\/13204"}],"wp:attachment":[{"href":"https:\/\/habonimcn.cn\/es\/wp-json\/wp\/v2\/media?parent=9434"}],"curies":[{"name":"wp","href":"https:\/\/api.w.org\/{rel}","templated":true}]}}